{"id":12710,"date":"2026-02-05T02:14:54","date_gmt":"2026-02-05T02:14:54","guid":{"rendered":"https:\/\/www.c5ip.vn\/chinh-sach-bao-mat\/"},"modified":"2026-02-09T11:31:48","modified_gmt":"2026-02-09T11:31:48","slug":"chinh-sach-bao-mat","status":"publish","type":"page","link":"https:\/\/www.c5ip.vn\/vi\/chinh-sach-bao-mat\/","title":{"rendered":"Ch\u00ednh s\u00e1ch b\u1ea3o m\u1eadt"},"content":{"rendered":"\n<p><strong>Trang web:<\/strong><a href=\"https:\/\/www.c5ip.vn\/vi\/\">https:\/\/www.c5ip.vn<\/a><br><strong>Ng\u00e0y c\u00f3 hi\u1ec7u l\u1ef1c:<\/strong> 5 th\u00e1ng 2 n\u0103m 2026<\/p>\n\n\n\n<h4 class=\"wp-block-heading\">Gi\u1edbi thi\u1ec7u<\/h4>\n\n\n\n<p>C5IP t\u00f4n tr\u1ecdng quy\u1ec1n ri\u00eang t\u01b0 c\u1ee7a b\u1ea1n v\u00e0 cam k\u1ebft b\u1ea3o v\u1ec7 d\u1eef li\u1ec7u c\u00e1 nh\u00e2n c\u1ee7a b\u1ea1n. Ch\u00ednh s\u00e1ch Quy\u1ec1n ri\u00eang t\u01b0 n\u00e0y gi\u1ea3i th\u00edch c\u00e1ch ch\u00fang t\u00f4i thu th\u1eadp, s\u1eed d\u1ee5ng, chia s\u1ebb v\u00e0 b\u1ea3o v\u1ec7 d\u1eef li\u1ec7u c\u00e1 nh\u00e2n c\u1ee7a b\u1ea1n khi b\u1ea1n truy c\u1eadp trang web c\u1ee7a ch\u00fang t\u00f4i (<a href=\"https:\/\/www.c5ip.vn\/vi\/\">https:\/\/www.c5ip.vn<\/a>) v\u00e0 t\u01b0\u01a1ng t\u00e1c v\u1edbi c\u00e1c d\u1ecbch v\u1ee5 c\u1ee7a ch\u00fang t\u00f4i.<\/p>\n\n\n\n<p>Ch\u00fang t\u00f4i x\u1eed l\u00fd d\u1eef li\u1ec7u c\u00e1 nh\u00e2n theo c\u00e1c lu\u1eadt b\u1ea3o v\u1ec7 d\u1eef li\u1ec7u hi\u1ec7n h\u00e0nh, bao g\u1ed3m Quy \u0111\u1ecbnh Chung v\u1ec1 B\u1ea3o v\u1ec7 D\u1eef li\u1ec7u (GDPR), Ch\u1ec9 th\u1ecb ePrivacy, Ngh\u1ecb \u0111\u1ecbnh B\u1ea3o v\u1ec7 D\u1eef li\u1ec7u C\u00e1 nh\u00e2n c\u1ee7a Vi\u1ec7t Nam (PDPD, Ngh\u1ecb \u0111\u1ecbnh s\u1ed1 13\/2023\/N\u0110-CP), \u0110\u1ea1o lu\u1eadt Quy\u1ec1n ri\u00eang t\u01b0 Ng\u01b0\u1eddi ti\u00eau d\u00f9ng California (CCPA), v\u00e0 c\u00e1c lu\u1eadt b\u1ea3o v\u1ec7 d\u1eef li\u1ec7u to\u00e0n c\u1ea7u hi\u1ec7n h\u00e0nh kh\u00e1c.<\/p>\n\n\n\n<hr class=\"wp-block-separator has-alpha-channel-opacity\"\/>\n\n\n\n<h4 class=\"wp-block-heading\">B\u00ean ki\u1ec3m so\u00e1t d\u1eef li\u1ec7u<\/h4>\n\n\n\n<p>\u0110\u01a1n v\u1ecb ki\u1ec3m so\u00e1t d\u1eef li\u1ec7u ch\u1ecbu tr\u00e1ch nhi\u1ec7m x\u1eed l\u00fd d\u1eef li\u1ec7u c\u00e1 nh\u00e2n tr\u00ean website n\u00e0y l\u00e0:\r\n<strong>\u0110\u01a1n v\u1ecb ki\u1ec3m so\u00e1t d\u1eef li\u1ec7u:<\/strong> C5IP\r\n<strong>Website:<\/strong> <a href=\"https:\/\/www.c5ip.vn\/vi\/\" data-type=\"link\" data-id=\"https:\/\/www.c5ip.vn\/vi\/\">https:\/\/www.c5ip.vn\/<\/a>\r\n<strong>Email:<\/strong> <a href=\"mailto:Leasing@c5ip.vn\">leasing@c5ip.vn<\/a><\/p>\n\n\n\n<hr class=\"wp-block-separator has-alpha-channel-opacity\"\/>\n\n\n\n<h4 class=\"wp-block-heading\">C\u00e1c lo\u1ea1i d\u1eef li\u1ec7u c\u00e1 nh\u00e2n \u0111\u01b0\u1ee3c thu th\u1eadp<\/h4>\n\n\n\n<p>D\u1eef li\u1ec7u \u0111\u01b0\u1ee3c thu th\u1eadp th\u00f4ng qua cookie, beacon v\u00e0 pixel theo d\u00f5i<\/p>\n\n\n\n<p><strong>D\u1eef li\u1ec7u h\u00e0nh vi:<\/strong> C\u00e1c trang \u0111\u00e3 truy c\u1eadp, l\u01b0\u1ee3t nh\u1ea5p, h\u00e0nh vi cu\u1ed9n trang v\u00e0 th\u1eddi gian \u1edf l\u1ea1i tr\u00ean website. <br><strong>D\u1eef li\u1ec7u thi\u1ebft b\u1ecb:<\/strong> \u0110\u1ecba ch\u1ec9 IP, lo\u1ea1i v\u00e0 phi\u00ean b\u1ea3n tr\u00ecnh duy\u1ec7t, h\u1ec7 \u0111i\u1ec1u h\u00e0nh, lo\u1ea1i thi\u1ebft b\u1ecb v\u00e0 \u0111\u1ed9 ph\u00e2n gi\u1ea3i m\u00e0n h\u00ecnh. <br><strong>D\u1eef li\u1ec7u v\u1ecb tr\u00ed \u0111\u1ecba l\u00fd:<\/strong> V\u1ecb tr\u00ed \u01b0\u1edbc t\u00ednh \u0111\u01b0\u1ee3c suy ra t\u1eeb \u0111\u1ecba ch\u1ec9 IP. <br><strong>D\u1eef li\u1ec7u t\u01b0\u01a1ng t\u00e1c:<\/strong> M\u1ee9c \u0111\u1ed9 t\u01b0\u01a1ng t\u00e1c v\u1edbi n\u1ed9i dung, qu\u1ea3ng c\u00e1o, email v\u00e0 c\u00e1c th\u00e0nh ph\u1ea7n c\u1ee5 th\u1ec3 tr\u00ean website.<\/p>\n\n\n\n<h4 class=\"wp-block-heading\">M\u1ee5c \u0111\u00edch x\u1eed l\u00fd<\/h4>\n\n\n\n<p>Ch\u00fang t\u00f4i x\u1eed l\u00fd d\u1eef li\u1ec7u c\u00e1 nh\u00e2n cho c\u00e1c m\u1ee5c \u0111\u00edch sau:<\/p>\n\n\n\n<ul class=\"wp-block-list\">\n<li>\u0110\u1ec3 v\u1eadn h\u00e0nh, duy tr\u00ec v\u00e0 c\u1ea3i thi\u1ec7n website<\/li>\n\n\n\n<li>\u0110\u1ec3 ph\u00e2n t\u00edch vi\u1ec7c s\u1eed d\u1ee5ng v\u00e0 hi\u1ec7u su\u1ea5t website th\u00f4ng qua c\u00e1c d\u1ecbch v\u1ee5 ph\u00e2n t\u00edch<\/li>\n\n\n\n<li>\u0110\u1ec3 ph\u1ea3n h\u1ed3i c\u00e1c y\u00eau c\u1ea7u v\u00e0 th\u00f4ng tin li\u00ean h\u1ec7 \u0111\u01b0\u1ee3c g\u1eedi qua bi\u1ec3u m\u1eabu ho\u1eb7c email<\/li>\n\n\n\n<li>\u0110\u1ec3 \u0111\u1ea3m b\u1ea3o an ninh website v\u00e0 ng\u0103n ch\u1eb7n gian l\u1eadn ho\u1eb7c l\u1ea1m d\u1ee5ng<\/li>\n\n\n\n<li>\u0110\u1ec3 tu\u00e2n th\u1ee7 c\u00e1c ngh\u0129a v\u1ee5 ph\u00e1p l\u00fd v\u00e0 quy \u0111\u1ecbnh hi\u1ec7n h\u00e0nh<\/li>\n<\/ul>\n\n\n\n<hr class=\"wp-block-separator has-alpha-channel-opacity\"\/>\n\n\n\n<h4 class=\"wp-block-heading\"><strong>D\u1eef li\u1ec7u b\u1ea1n cung c\u1ea5p tr\u1ef1c ti\u1ebfp<\/strong>\r\n<div id=\"gtx-trans\" style=\"position: absolute; left: 72px; top: 37px;\">\r\n<div class=\"gtx-trans-icon\"><\/div>\r\n<\/div><\/h4>\n\n\n\n<p><strong>Th\u00f4ng tin t\u00e0i kho\u1ea3n:<\/strong> N\u1ebfu b\u1ea1n t\u1ea1o t\u00e0i kho\u1ea3n ho\u1eb7c \u0111i\u1ec1n v\u00e0o bi\u1ec3u m\u1eabu, ch\u00fang t\u00f4i c\u00f3 th\u1ec3 thu th\u1eadp t\u00ean, \u0111\u1ecba ch\u1ec9 email v\u00e0 c\u00e1c th\u00f4ng tin kh\u00e1c m\u00e0 b\u1ea1n cung c\u1ea5p.\r\n<\/p>\n\n\n\n<p><strong>D\u1eef li\u1ec7u li\u00ean l\u1ea1c:<\/strong> Khi b\u1ea1n li\u00ean h\u1ec7 tr\u1ef1c ti\u1ebfp v\u1edbi ch\u00fang t\u00f4i (v\u00ed d\u1ee5: qua email ho\u1eb7c bi\u1ec3u m\u1eabu li\u00ean h\u1ec7), ch\u00fang t\u00f4i c\u00f3 th\u1ec3 thu th\u1eadp th\u00f4ng tin m\u00e0 b\u1ea1n chia s\u1ebb.\r\n<\/p>\n\n\n\n<p>Tr\u01b0\u1edbc khi b\u1ea1n \u0111\u01b0a ra s\u1ef1 \u0111\u1ed3ng \u00fd, ch\u00fang t\u00f4i ch\u1ec9 thu th\u1eadp d\u1eef li\u1ec7u th\u1ef1c s\u1ef1 c\u1ea7n thi\u1ebft cho ch\u1ee9c n\u0103ng v\u00e0 b\u1ea3o m\u1eadt, bao g\u1ed3m:<\/p>\n\n\n\n<ul class=\"wp-block-list\">\n<li>D\u1eef li\u1ec7u phi\u00ean c\u01a1 b\u1ea3n (ch\u1eb3ng h\u1ea1n nh\u01b0 t\u00f9y ch\u1ecdn ng\u00f4n ng\u1eef v\u00e0 d\u1eef li\u1ec7u li\u00ean quan \u0111\u1ebfn b\u1ea3o m\u1eadt)<\/li>\n<\/ul>\n\n\n\n<hr class=\"wp-block-separator has-alpha-channel-opacity\"\/>\n\n\n\n<h4 class=\"wp-block-heading\"><strong data-start=\"0\" data-end=\"49\">Vi\u1ec7c s\u1eed d\u1ee5ng cookie v\u00e0 c\u00e1c c\u00f4ng ngh\u1ec7 t\u01b0\u01a1ng t\u1ef1<\/strong><\/h4>\n\n\n\n<p>Trang web c\u1ee7a ch\u00fang t\u00f4i s\u1eed d\u1ee5ng cookie v\u00e0 c\u00e1c c\u00f4ng ngh\u1ec7 t\u01b0\u01a1ng t\u1ef1 \u0111\u1ec3 c\u1ea3i thi\u1ec7n tr\u1ea3i nghi\u1ec7m c\u1ee7a b\u1ea1n v\u00e0 ph\u00e2n t\u00edch s\u1ef1 t\u01b0\u01a1ng t\u00e1c v\u1edbi trang web.<\/p>\n\n\n\n<h4 class=\"wp-block-heading\"><p data-start=\"192\" data-end=\"211\"><strong data-start=\"192\" data-end=\"211\">C\u00e1c lo\u1ea1i cookie<\/strong><\/p><\/h4>\n\n\n\n<p><strong>Cookie c\u1ea7n thi\u1ebft (Strictly necessary cookies):<\/strong>\r\nC\u1ea7n thi\u1ebft cho ho\u1ea1t \u0111\u1ed9ng c\u1ee7a trang web v\u00e0 kh\u00f4ng y\u00eau c\u1ea7u s\u1ef1 \u0111\u1ed3ng \u00fd.<\/p>\n\n\n\n<p><strong>Cookie ph\u00e2n t\u00edch (Analytics cookies):<\/strong>&#13;\n\u0110\u01b0\u1ee3c s\u1eed d\u1ee5ng \u0111\u1ec3 thu th\u1eadp s\u1ed1 li\u1ec7u th\u1ed1ng k\u00ea v\u00e0 c\u1ea3i thi\u1ec7n hi\u1ec7u su\u1ea5t trang web.&#13;\n<div id=\"gtx-trans\" style=\"position: absolute; left: -3px; top: 15px;\">&#13;\n<div class=\"gtx-trans-icon\"><\/div>&#13;\n<\/div><\/p>\n\n\n\n<hr class=\"wp-block-separator has-alpha-channel-opacity\"\/>\n\n\n\n<h4 class=\"wp-block-heading\"><strong>Nh\u00e0 cung c\u1ea5p cookie, m\u1ee5c \u0111\u00edch v\u00e0 danh m\u1ee5c<\/strong><\/h4>\n\n\n\n<p>Trang web s\u1eed d\u1ee5ng c\u00e1c d\u1ecbch v\u1ee5 b\u00ean th\u1ee9 ba sau. C\u00e1c d\u1ecbch v\u1ee5 kh\u00f4ng c\u1ea7n thi\u1ebft ch\u1ec9 \u0111\u01b0\u1ee3c k\u00edch ho\u1ea1t sau khi c\u00f3 s\u1ef1 \u0111\u1ed3ng \u00fd th\u00f4ng qua N\u1ec1n t\u1ea3ng Qu\u1ea3n l\u00fd S\u1ef1 \u0111\u1ed3ng \u00fd (CMP).<\/p>\n\n\n\n<p><strong>Google Analytics<\/strong>\r\nM\u1ee5c \u0111\u00edch: \u0110o l\u01b0\u1eddng l\u01b0u l\u01b0\u1ee3ng truy c\u1eadp, th\u1ed1ng k\u00ea v\u00e0 ph\u00e2n t\u00edch h\u00e0nh vi ng\u01b0\u1eddi d\u00f9ng\r\nCh\u00ednh s\u00e1ch quy\u1ec1n ri\u00eang t\u01b0: <a href=\"https:\/\/policies.google.com\/privacy\" target=\"_blank\" rel=\"noopener\">https:\/\/policies.google.com\/privacy<\/a><\/p>\n\n\n\n<p><strong>Baidu Analytics<\/strong>\r\nM\u1ee5c \u0111\u00edch: Ph\u00e2n t\u00edch l\u01b0u l\u01b0\u1ee3ng truy c\u1eadp v\u00e0 th\u1ed1ng k\u00ea vi\u1ec7c s\u1eed d\u1ee5ng trang web\r\nBaidu Analytics \u0111\u01b0\u1ee3c tri\u1ec3n khai th\u00f4ng qua Google Tag Manager (GTM) v\u00e0 ch\u1ec9 \u0111\u01b0\u1ee3c k\u00edch ho\u1ea1t sau khi ng\u01b0\u1eddi d\u00f9ng \u0111\u1ed3ng \u00fd v\u1edbi cookie ph\u00e2n t\u00edch. D\u1ecbch v\u1ee5 n\u00e0y gi\u00fap ch\u00fang t\u00f4i hi\u1ec3u c\u00e1ch kh\u00e1ch truy c\u1eadp t\u01b0\u01a1ng t\u00e1c v\u1edbi trang web, bao g\u1ed3m l\u01b0\u1ee3t xem trang, c\u00e1ch \u0111i\u1ec1u h\u01b0\u1edbng v\u00e0 vi\u1ec7c s\u1eed d\u1ee5ng t\u1ed5ng th\u1ec3, nh\u1eb1m c\u1ea3i thi\u1ec7n hi\u1ec7u su\u1ea5t v\u00e0 tr\u1ea3i nghi\u1ec7m ng\u01b0\u1eddi d\u00f9ng.<\/p>\n\n\n\n<p>C\u00e1c d\u1ecbch v\u1ee5 n\u00e0y ch\u1ec9 \u0111\u01b0\u1ee3c k\u00edch ho\u1ea1t sau khi ng\u01b0\u1eddi d\u00f9ng \u0111\u01b0a ra s\u1ef1 \u0111\u1ed3ng \u00fd.<\/p>\n\n\n\n<hr class=\"wp-block-separator has-alpha-channel-opacity\"\/>\n\n\n\n<h4 class=\"wp-block-heading\">C\u01a1 s\u1edf ph\u00e1p l\u00fd cho vi\u1ec7c x\u1eed l\u00fd d\u1eef li\u1ec7u<\/h4>\n\n\n\n<p>\u0110\u1ed1i v\u1edbi ng\u01b0\u1eddi d\u00f9ng t\u1ea1i Vi\u1ec7t Nam v\u00e0 c\u00e1c khu v\u1ef1c ph\u00e1p l\u00fd \u00e1p d\u1ee5ng kh\u00e1c, d\u1eef li\u1ec7u c\u00e1 nh\u00e2n \u0111\u01b0\u1ee3c x\u1eed l\u00fd d\u1ef1a tr\u00ean s\u1ef1 \u0111\u1ed3ng \u00fd c\u1ee7a ch\u1ee7 th\u1ec3 d\u1eef li\u1ec7u, tr\u1eeb khi vi\u1ec7c x\u1eed l\u00fd \u0111\u01b0\u1ee3c y\u00eau c\u1ea7u theo quy \u0111\u1ecbnh ph\u00e1p lu\u1eadt ho\u1eb7c c\u1ea7n thi\u1ebft cho ch\u1ee9c n\u0103ng v\u00e0 b\u1ea3o m\u1eadt c\u1ee7a website:<\/p>\n\n\n\n<p><strong>S\u1ef1 \u0110\u1ed3ng \u00fd:<\/strong>\r\n\u00c1p d\u1ee5ng cho c\u00e1c cookie kh\u00f4ng thi\u1ebft y\u1ebfu (ch\u1ee9c n\u0103ng, ph\u00e2n t\u00edch v\u00e0 qu\u1ea3ng c\u00e1o).<\/p>\n\n\n\n<p><strong>L\u1ee3i \u00edch h\u1ee3p ph\u00e1p:<\/strong>\r\n\u00c1p d\u1ee5ng cho c\u00e1c cookie c\u1ea7n thi\u1ebft nh\u1eb1m \u0111\u1ea3m b\u1ea3o ho\u1ea1t \u0111\u1ed9ng v\u00e0 an ninh c\u1ee7a website.<\/p>\n\n\n\n<p><strong>Ngh\u0129a v\u1ee5 ph\u00e1p l\u00fd:<\/strong>\r\n\u00c1p d\u1ee5ng trong c\u00e1c tr\u01b0\u1eddng h\u1ee3p \u0111\u01b0\u1ee3c ph\u00e1p lu\u1eadt y\u00eau c\u1ea7u.<\/p>\n\n\n\n<hr class=\"wp-block-separator has-alpha-channel-opacity\"\/>\n\n\n\n<h4 class=\"wp-block-heading\">L\u01b0u tr\u1eef d\u1eef li\u1ec7u<\/h4>\n\n\n\n<p><strong>Cookies:<\/strong>\r\n\u0110\u01b0\u1ee3c l\u01b0u tr\u1eef theo th\u1eddi h\u1ea1n h\u1ebft h\u1ea1n t\u01b0\u01a1ng \u1ee9ng (v\u00ed d\u1ee5: _ga: 730 days, Hm_lvt: 365 ng\u00e0y).<\/p>\n\n\n\n<p><strong>D\u1eef li\u1ec7u ph\u00e2n t\u00edch v\u00e0 h\u00e0nh vi:<\/strong>\r\n\u0110\u01b0\u1ee3c l\u01b0u tr\u1eef cho \u0111\u1ebfn khi ng\u01b0\u1eddi d\u00f9ng r\u00fat l\u1ea1i s\u1ef1 \u0110\u1ed3ng \u00fd.<\/p>\n\n\n\n<p><strong>D\u1eef li\u1ec7u nh\u1eadt k\u00fd v\u00e0 an ninh:<\/strong>\r\n\u0110\u01b0\u1ee3c l\u01b0u tr\u1eef trong kho\u1ea3ng th\u1eddi gian c\u1ea7n thi\u1ebft nh\u1eb1m \u0111\u00e1p \u1ee9ng y\u00eau c\u1ea7u ph\u00e1p l\u00fd ho\u1eb7c m\u1ee5c \u0111\u00edch b\u1ea3o m\u1eadt.<\/p>\n\n\n\n<hr class=\"wp-block-separator has-alpha-channel-opacity\"\/>\n\n\n\n<h4 class=\"wp-block-heading\">Chia s\u1ebb d\u1eef li\u1ec7u<\/h4>\n\n\n\n<p>D\u1eef li\u1ec7u c\u00e1 nh\u00e2n c\u00f3 th\u1ec3 \u0111\u01b0\u1ee3c chia s\u1ebb v\u1edbi c\u00e1c nh\u00e0 cung c\u1ea5p d\u1ecbch v\u1ee5 \u0111\u00e1ng tin c\u1eady, bao g\u1ed3m:<\/p>\n\n\n\n<ul class=\"wp-block-list\">\n<li>Nh\u00e0 cung c\u1ea5p d\u1ecbch v\u1ee5 ph\u00e2n t\u00edch (Google Analytics)<\/li>\n\n\n\n<li>Nh\u00e0 cung c\u1ea5p d\u1ecbch v\u1ee5 k\u1ef9 thu\u1eadt h\u1ed7 tr\u1ee3 v\u1eadn h\u00e0nh v\u00e0 ch\u1ee9c n\u0103ng c\u1ee7a website<\/li>\n<\/ul>\n\n\n\n<p>Ch\u00fang t\u00f4i kh\u00f4ng b\u00e1n d\u1eef li\u1ec7u c\u00e1 nh\u00e2n. Cookie kh\u00f4ng thi\u1ebft y\u1ebfu v\u00e0 c\u00e1c d\u1ecbch v\u1ee5 ph\u00e2n t\u00edch c\u1ee7a b\u00ean th\u1ee9 ba ch\u1ec9 \u0111\u01b0\u1ee3c k\u00edch ho\u1ea1t sau khi ng\u01b0\u1eddi d\u00f9ng cung c\u1ea5p s\u1ef1 \u0111\u1ed3ng \u00fd r\u00f5 r\u00e0ng th\u00f4ng qua N\u1ec1n t\u1ea3ng Qu\u1ea3n l\u00fd S\u1ef1 \u0111\u1ed3ng \u00fd (CMP).<\/p>\n\n\n\n<hr class=\"wp-block-separator has-alpha-channel-opacity\"\/>\n\n\n\n<h4 class=\"wp-block-heading\">Quy\u1ec1n c\u1ee7a b\u1ea1n<\/h4>\n\n\n\n<p>Theo c\u00e1c lu\u1eadt b\u1ea3o v\u1ec7 d\u1eef li\u1ec7u hi\u1ec7n h\u00e0nh, bao g\u1ed3m GDPR v\u00e0 Ngh\u1ecb \u0111\u1ecbnh B\u1ea3o v\u1ec7 D\u1eef li\u1ec7u C\u00e1 nh\u00e2n c\u1ee7a Vi\u1ec7t Nam (PDPD), b\u1ea1n c\u00f3 c\u00e1c quy\u1ec1n sau:<\/p>\n\n\n\n<ul class=\"wp-block-list\">\n<li>Quy\u1ec1n truy c\u1eadp d\u1eef li\u1ec7u <\/li>\n\n\n\n<li>Quy\u1ec1n ch\u1ec9nh s\u1eeda\/c\u1ea3i ch\u00ednh d\u1eef li\u1ec7u <\/li>\n\n\n\n<li>Quy\u1ec1n x\u00f3a d\u1eef li\u1ec7u (&#8220;quy\u1ec1n \u0111\u01b0\u1ee3c qu\u00ean&#8221;) <\/li>\n\n\n\n<li>Quy\u1ec1n h\u1ea1n ch\u1ebf vi\u1ec7c x\u1eed l\u00fd d\u1eef li\u1ec7u <\/li>\n\n\n\n<li>Quy\u1ec1n chuy\u1ec3n d\u1eef li\u1ec7u <\/li>\n\n\n\n<li>Quy\u1ec1n ph\u1ea3n \u0111\u1ed1i vi\u1ec7c x\u1eed l\u00fd d\u1eef li\u1ec7u <\/li>\n\n\n\n<li>Quy\u1ec1n r\u00fat l\u1ea1i s\u1ef1 \u0111\u1ed3ng<\/li>\n<\/ul>\n\n\n\n<p>B\u1ea1n c\u00f3 th\u1ec3 g\u1eedi c\u00e1c y\u00eau c\u1ea7u t\u1edbi: <strong><a href=\"mailto:leasing@c5ip.vn\" data-type=\"mailto\" data-id=\"mailto:leasing@c5ip.vn\">leasing@c5ip.vn<\/a><\/strong><\/p>\n\n\n\n<hr class=\"wp-block-separator has-alpha-channel-opacity\"\/>\n\n\n\n<h4 class=\"wp-block-heading\">Thay \u0111\u1ed5i ho\u1eb7c r\u00fat l\u1ea1i s\u1ef1 \u0111\u1ed3ng \u00fd.<\/h4>\n\n\n\n<p>B\u1ea1n c\u00f3 th\u1ec3 qu\u1ea3n l\u00fd ho\u1eb7c thay \u0111\u1ed5i s\u1ef1 \u0111\u1ed3ng \u00fd c\u1ee7a m\u00ecnh b\u1ea5t k\u1ef3 l\u00fac n\u00e0o th\u00f4ng qua N\u1ec1n t\u1ea3ng Qu\u1ea3n l\u00fd S\u1ef1 \u0111\u1ed3ng \u00fd (CMP) b\u1eb1ng c\u00e1ch nh\u1ea5p v\u00e0o bi\u1ec3u t\u01b0\u1ee3ng \u0111\u1ed3ng \u00fd (Consent Shield) n\u1eb1m \u1edf g\u00f3c website.<\/p>\n\n\n\n<hr class=\"wp-block-separator has-alpha-channel-opacity\"\/>\n\n\n\n<h4 class=\"wp-block-heading\">Chuy\u1ec3n d\u1eef li\u1ec7u ra qu\u1ed1c t\u1ebf.<\/h4>\n\n\n\n<p>Tr\u01b0\u1eddng h\u1ee3p d\u1eef li\u1ec7u c\u00e1 nh\u00e2n \u0111\u01b0\u1ee3c chuy\u1ec3n ra ngo\u00e0i EEA, c\u00e1c bi\u1ec7n ph\u00e1p b\u1ea3o v\u1ec7 ph\u00f9 h\u1ee3p nh\u01b0 \u0110i\u1ec1u kho\u1ea3n H\u1ee3p \u0111\u1ed3ng Ti\u00eau chu\u1ea9n (SCCs) ho\u1eb7c quy\u1ebft \u0111\u1ecbnh v\u1ec1 m\u1ee9c \u0111\u1ed9 b\u1ea3o v\u1ec7 \u0111\u1ea7y \u0111\u1ee7 s\u1ebd \u0111\u01b0\u1ee3c \u00e1p d\u1ee5ng.<\/p>\n\n\n\n<hr class=\"wp-block-separator has-alpha-channel-opacity\"\/>\n\n\n\n<h4 class=\"wp-block-heading\">Li\u00ean h\u1ec7<\/h4>\n\n\n\n<p>N\u1ebfu b\u1ea1n c\u00f3 c\u00e2u h\u1ecfi v\u1ec1 ch\u00ednh s\u00e1ch quy\u1ec1n ri\u00eang t\u01b0 n\u00e0y ho\u1eb7c mu\u1ed1n th\u1ef1c hi\u1ec7n c\u00e1c quy\u1ec1n c\u1ee7a m\u00ecnh:\r\n<a href=\"mailto:leasing@c5ip.vn\">leasing@c5ip.vn<\/a><\/p>\n\n\n\n<hr class=\"wp-block-separator has-alpha-channel-opacity\"\/>\n\n\n\n<h4 class=\"wp-block-heading\">C\u1eadp nh\u1eadt ch\u00ednh s\u00e1ch.<\/h4>\n\n\n\n<p>Ch\u00fang t\u00f4i c\u00f3 th\u1ec3 c\u1eadp nh\u1eadt ch\u00ednh s\u00e1ch n\u00e0y khi c\u00f3 thay \u0111\u1ed5i v\u1ec1 ph\u00e1p lu\u1eadt ho\u1eb7c th\u1ef1c ti\u1ec5n \u00e1p d\u1ee5ng. Ng\u00e0y c\u1eadp nh\u1eadt m\u1edbi s\u1ebd \u0111\u01b0\u1ee3c ghi r\u00f5 khi c\u00f3 thay \u0111\u1ed5i 05\/02\/2026.<\/p>\n\n\n\n<p><\/p>\n","protected":false},"excerpt":{"rendered":"<p>Trang web:https:\/\/www.c5ip.vnNg\u00e0y c\u00f3 hi\u1ec7u l\u1ef1c: 5 th\u00e1ng 2 n\u0103m 2026 Gi\u1edbi thi\u1ec7u C5IP t\u00f4n tr\u1ecdng quy\u1ec1n ri\u00eang t\u01b0 c\u1ee7a b\u1ea1n v\u00e0 cam k\u1ebft b\u1ea3o v\u1ec7 d\u1eef li\u1ec7u c\u00e1 nh\u00e2n c\u1ee7a b\u1ea1n. Ch\u00ednh s\u00e1ch Quy\u1ec1n ri\u00eang t\u01b0 n\u00e0y gi\u1ea3i th\u00edch c\u00e1ch ch\u00fang t\u00f4i thu th\u1eadp, s\u1eed d\u1ee5ng, chia s\u1ebb v\u00e0 b\u1ea3o v\u1ec7 d\u1eef li\u1ec7u c\u00e1 nh\u00e2n [&hellip;]<\/p>\n","protected":false},"author":1,"featured_media":0,"parent":0,"menu_order":0,"comment_status":"closed","ping_status":"closed","template":"","meta":{"inline_featured_image":false,"footnotes":""},"class_list":["post-12710","page","type-page","status-publish","hentry"],"acf":[],"_links":{"self":[{"href":"https:\/\/www.c5ip.vn\/vi\/wp-json\/wp\/v2\/pages\/12710","targetHints":{"allow":["GET"]}}],"collection":[{"href":"https:\/\/www.c5ip.vn\/vi\/wp-json\/wp\/v2\/pages"}],"about":[{"href":"https:\/\/www.c5ip.vn\/vi\/wp-json\/wp\/v2\/types\/page"}],"author":[{"embeddable":true,"href":"https:\/\/www.c5ip.vn\/vi\/wp-json\/wp\/v2\/users\/1"}],"replies":[{"embeddable":true,"href":"https:\/\/www.c5ip.vn\/vi\/wp-json\/wp\/v2\/comments?post=12710"}],"version-history":[{"count":9,"href":"https:\/\/www.c5ip.vn\/vi\/wp-json\/wp\/v2\/pages\/12710\/revisions"}],"predecessor-version":[{"id":12771,"href":"https:\/\/www.c5ip.vn\/vi\/wp-json\/wp\/v2\/pages\/12710\/revisions\/12771"}],"wp:attachment":[{"href":"https:\/\/www.c5ip.vn\/vi\/wp-json\/wp\/v2\/media?parent=12710"}],"curies":[{"name":"wp","href":"https:\/\/api.w.org\/{rel}","templated":true}]}}