{"id":12729,"date":"2026-02-05T02:14:24","date_gmt":"2026-02-05T02:14:24","guid":{"rendered":"https:\/\/www.c5ip.vn\/tuyen-bo-ve-cookie\/"},"modified":"2026-02-09T08:26:48","modified_gmt":"2026-02-09T08:26:48","slug":"tuyen-bo-ve-cookie","status":"publish","type":"page","link":"https:\/\/www.c5ip.vn\/vi\/tuyen-bo-ve-cookie\/","title":{"rendered":"Tuy\u00ean b\u1ed1 v\u1ec1 Cookie"},"content":{"rendered":"\n<p><strong>Website: <\/strong><a href=\"https:\/\/www.c5ip.vn\/vi\/\">https:\/\/www.c5ip.vn<\/a> <br><strong>Ng\u00e0y hi\u1ec7u l\u1ef1c:<\/strong> 5 th\u00e1ng 2 n\u0103m 2026<\/p>\n\n\n\n<p>T\u1ea1i C5IP, ch\u00fang t\u00f4i nh\u1eadn th\u1ee9c r\u00f5 t\u1ea7m quan tr\u1ecdng c\u1ee7a vi\u1ec7c b\u1ea3o v\u1ec7 quy\u1ec1n ri\u00eang t\u01b0 c\u1ee7a b\u1ea1n v\u00e0 \u0111\u1ea3m b\u1ea3o tu\u00e2n th\u1ee7 Quy \u0111\u1ecbnh Chung v\u1ec1 B\u1ea3o v\u1ec7 D\u1eef li\u1ec7u (GDPR), Ch\u1ec9 th\u1ecb ePrivacy v\u00e0 c\u00e1c quy \u0111\u1ecbnh ph\u00e1p lu\u1eadt v\u1ec1 b\u1ea3o v\u1ec7 d\u1eef li\u1ec7u hi\u1ec7n h\u00e0nh kh\u00e1c. Tuy\u00ean b\u1ed1 Cookie n\u00e0y gi\u1ea3i th\u00edch c\u00e1c lo\u1ea1i cookie \u0111\u01b0\u1ee3c s\u1eed d\u1ee5ng tr\u00ean website c\u1ee7a ch\u00fang t\u00f4i, m\u1ee5c \u0111\u00edch s\u1eed d\u1ee5ng v\u00e0 c\u00e1ch th\u1ee9c ho\u1ea1t \u0111\u1ed9ng c\u1ee7a ch\u00fang. Tuy\u00ean b\u1ed1 n\u00e0y ch\u1ec9 \u00e1p d\u1ee5ng cho cookie.<\/p>\n\n\n\n<p>Website c\u1ee7a ch\u00fang t\u00f4i s\u1eed d\u1ee5ng cookie th\u1ef1c s\u1ef1 c\u1ea7n thi\u1ebft v\u00e0 cookie ph\u00e2n t\u00edch. Cookie th\u1ef1c s\u1ef1 c\u1ea7n thi\u1ebft lu\u00f4n \u0111\u01b0\u1ee3c k\u00edch ho\u1ea1t v\u00ec ch\u00fang \u0111\u00f3ng vai tr\u00f2 thi\u1ebft y\u1ebfu cho ho\u1ea1t \u0111\u1ed9ng v\u00e0 b\u1ea3o m\u1eadt c\u1ee7a website. Cookie ph\u00e2n t\u00edch l\u00e0 t\u00f9y ch\u1ecdn v\u00e0 ch\u1ec9 \u0111\u01b0\u1ee3c k\u00edch ho\u1ea1t khi b\u1ea1n cung c\u1ea5p s\u1ef1 \u0111\u1ed3ng \u00fd.<\/p>\n\n\n\n<hr class=\"wp-block-separator has-alpha-channel-opacity\"\/>\n\n\n\n<h4 class=\"wp-block-heading\"><strong>Cookie l\u00e0 g\u00ec?<\/strong><\/h4>\n\n\n\n<p>Cookie l\u00e0 c\u00e1c t\u1ec7p v\u0103n b\u1ea3n nh\u1ecf \u0111\u01b0\u1ee3c l\u01b0u tr\u1eef tr\u00ean thi\u1ebft b\u1ecb c\u1ee7a b\u1ea1n khi b\u1ea1n truy c\u1eadp m\u1ed9t website. Ch\u00fang gi\u00fap website ho\u1ea1t \u0111\u1ed9ng \u0111\u00fang c\u00e1ch v\u00e0 thu th\u1eadp th\u00f4ng tin ph\u00e2n t\u00edch v\u1ec1 c\u00e1ch ng\u01b0\u1eddi d\u00f9ng s\u1eed d\u1ee5ng website.<\/p>\n\n\n\n<p>Website c\u1ee7a ch\u00fang t\u00f4i s\u1eed d\u1ee5ng c\u00e1c nh\u00f3m cookie sau:<\/p>\n\n\n\n<ul class=\"wp-block-list\">\n<li><strong>Cookie th\u1ef1c s\u1ef1 c\u1ea7n thi\u1ebft:<\/strong> C\u1ea7n thi\u1ebft cho c\u00e1c ch\u1ee9c n\u0103ng c\u1ed1t l\u00f5i v\u00e0 b\u1ea3o m\u1eadt c\u1ee7a website. Kh\u00f4ng y\u00eau c\u1ea7u s\u1ef1 \u0111\u1ed3ng \u00fd c\u1ee7a ng\u01b0\u1eddi d\u00f9ng.<\/li>\n\n\n\n<li><strong>Cookie ph\u00e2n t\u00edch:<\/strong> \u0110\u01b0\u1ee3c s\u1eed d\u1ee5ng \u0111\u1ec3 thu th\u1eadp th\u00f4ng tin th\u1ed1ng k\u00ea v\u1ec1 vi\u1ec7c s\u1eed d\u1ee5ng v\u00e0 hi\u1ec7u su\u1ea5t c\u1ee7a website. Vi\u1ec7c s\u1eed d\u1ee5ng c\u00e1c cookie n\u00e0y y\u00eau c\u1ea7u s\u1ef1 \u0111\u1ed3ng \u00fd c\u1ee7a ng\u01b0\u1eddi d\u00f9ng.<\/li>\n<\/ul>\n\n\n\n<hr class=\"wp-block-separator has-alpha-channel-opacity\"\/>\n\n\n\n<h4 class=\"wp-block-heading\"><strong>Y\u00eau c\u1ea7u v\u1ec1 s\u1ef1 \u0111\u1ed3ng \u00fd<\/strong><\/h4>\n\n\n\n<p>Website c\u1ee7a ch\u00fang t\u00f4i cung c\u1ea5p cho b\u1ea1n t\u00f9y ch\u1ecdn ch\u1ea5p nh\u1eadn ho\u1eb7c t\u1eeb ch\u1ed1i cookie ph\u00e2n t\u00edch.<\/p>\n\n\n\n<ul class=\"wp-block-list\">\n<li>N\u1ebfu b\u1ea1n <strong>ch\u1ea5p nh\u1eadn<\/strong>, cookie ph\u00e2n t\u00edch s\u1ebd \u0111\u01b0\u1ee3c k\u00edch ho\u1ea1t nh\u1eb1m gi\u00fap ch\u00fang t\u00f4i hi\u1ec3u r\u00f5 h\u01a1n c\u00e1ch website \u0111\u01b0\u1ee3c s\u1eed d\u1ee5ng v\u00e0 c\u1ea3i thi\u1ec7n hi\u1ec7u su\u1ea5t ho\u1ea1t \u0111\u1ed9ng.<\/li>\n\n\n\n<li>N\u1ebfu b\u1ea1n<strong> t\u1eeb ch\u1ed1i,<\/strong> cookie ph\u00e2n t\u00edch s\u1ebd kh\u00f4ng \u0111\u01b0\u1ee3c k\u00edch ho\u1ea1t.<\/li>\n\n\n\n<li>Cookie th\u1ef1c s\u1ef1 c\u1ea7n thi\u1ebft lu\u00f4n \u0111\u01b0\u1ee3c k\u00edch ho\u1ea1t v\u00e0 kh\u00f4ng y\u00eau c\u1ea7u s\u1ef1 \u0111\u1ed3ng \u00fd c\u1ee7a ng\u01b0\u1eddi d\u00f9ng.<\/li>\n<\/ul>\n\n\n\n<p>B\u1ea1n c\u00f3 th\u1ec3 r\u00fat l\u1ea1i ho\u1eb7c thay \u0111\u1ed5i s\u1ef1 \u0111\u1ed3ng \u00fd c\u1ee7a m\u00ecnh b\u1ea5t k\u1ef3 l\u00fac n\u00e0o th\u00f4ng qua c\u00f4ng c\u1ee5 qu\u1ea3n l\u00fd s\u1ef1 \u0111\u1ed3ng \u00fd cookie tr\u00ean website c\u1ee7a ch\u00fang t\u00f4i ho\u1eb7c th\u00f4ng qua c\u00e0i \u0111\u1eb7t tr\u00ecnh duy\u1ec7t c\u1ee7a b\u1ea1n.<\/p>\n\n\n\n<hr class=\"wp-block-separator has-alpha-channel-opacity\"\/>\n\n\n\n<h4 class=\"wp-block-heading\"><strong>Danh m\u1ee5c Cookie<\/strong><\/h4>\n\n\n\n<p>D\u01b0\u1edbi \u0111\u00e2y l\u00e0 th\u00f4ng tin chi ti\u1ebft v\u1ec1 c\u00e1c cookie \u0111\u01b0\u1ee3c s\u1eed d\u1ee5ng tr\u00ean website c\u1ee7a ch\u00fang t\u00f4i.<\/p>\n\n\n\n<h5 class=\"wp-block-heading\">1. Cookie th\u1ef1c s\u1ef1 c\u1ea7n thi\u1ebft<\/h5>\n\n\n\n<p>Cookie th\u1ef1c s\u1ef1 c\u1ea7n thi\u1ebft \u0111\u1ea3m b\u1ea3o c\u00e1c ch\u1ee9c n\u0103ng thi\u1ebft y\u1ebfu c\u1ee7a website nh\u01b0 b\u1ea3o m\u1eadt, kh\u1ea3 n\u0103ng truy c\u1eadp v\u00e0 ghi nh\u1edb t\u00f9y ch\u1ecdn ng\u00f4n ng\u1eef. C\u00e1c cookie n\u00e0y kh\u00f4ng th\u1ec3 b\u1ecb v\u00f4 hi\u1ec7u h\u00f3a.<\/p>\n\n\n\n<figure class=\"wp-block-table\"><table class=\"has-fixed-layout\"><thead><tr><th>T\u00ean cookie<\/th><th>Nh\u00e0 cung c\u1ea5p \/ T\u00ean mi\u1ec1n<\/th><th>M\u1ee5c \u0111\u00edch<\/th><th>Th\u1eddi h\u1ea1n l\u01b0u tr\u1eef<\/th><th>Lo\u1ea1i cookie<\/th><\/tr><\/thead><tbody><tr><td>wp-wpml_current_language<\/td><td><a href=\"http:\/\/www.c5ip.vn\">www.c5ip.vn<\/a><\/td><td>Theo d\u00f5i t\u00f9y ch\u1ecdn ng\u00f4n ng\u1eef hi\u1ec7n t\u1ea1i c\u1ee7a ng\u01b0\u1eddi d\u00f9ng tr\u00ean website.<\/td><td>Phi\u00ean (Session)<\/td><td>HTTP cookie<\/td><\/tr><tr><td>rc::a<\/td><td>google.com<\/td><td>\u0110\u01b0\u1ee3c Google reCAPTCHA s\u1eed d\u1ee5ng \u0111\u1ec3 ph\u00e2n bi\u1ec7t ng\u01b0\u1eddi d\u00f9ng th\u1eadt v\u1edbi bot v\u00e0 ng\u0103n ch\u1eb7n spam.<\/td><td>L\u01b0u tr\u1eef l\u00e2u d\u00e0i (Persistent)<\/td><td>HTTP cookie<\/td><\/tr><tr><td>rc::b<\/td><td>google.com<\/td><td>\u0110\u01b0\u1ee3c Google reCAPTCHA s\u1eed d\u1ee5ng trong c\u00e1c phi\u00ean duy\u1ec7t web nh\u1eb1m ph\u1ee5c v\u1ee5 m\u1ee5c \u0111\u00edch b\u1ea3o m\u1eadt.<\/td><td>Phi\u00ean (Session)<\/td><td>HTTP cookie<\/td><\/tr><tr><td>rc::c<\/td><td>google.com<\/td><td>\u0110\u01b0\u1ee3c Google reCAPTCHA s\u1eed d\u1ee5ng trong c\u00e1c phi\u00ean duy\u1ec7t web nh\u1eb1m ph\u1ee5c v\u1ee5 m\u1ee5c \u0111\u00edch b\u1ea3o m\u1eadt.<\/td><td>Phi\u00ean (Session)<\/td><td>HTTP cookie<\/td><\/tr><\/tbody><\/table><\/figure>\n\n\n\n<p><strong>L\u01b0u \u00fd:<\/strong> Google reCAPTCHA c\u00f3 th\u1ec3 t\u1ea3i c\u00e1c t\u00e0i nguy\u00ean t\u0129nh t\u1eeb <a href=\"http:\/\/www.gstatic.com\" target=\"_blank\" rel=\"noopener\">www.gstatic.com<\/a>. C\u00e1c t\u00e0i nguy\u00ean n\u00e0y kh\u00f4ng l\u01b0u tr\u1eef cookie.<\/p>\n\n\n\n<h5 class=\"wp-block-heading\">2. Cookie ph\u00e2n t\u00edch<\/h5>\n\n\n\n<p>Cookie ph\u00e2n t\u00edch thu th\u1eadp th\u00f4ng tin v\u1ec1 c\u00e1ch ng\u01b0\u1eddi truy c\u1eadp t\u01b0\u01a1ng t\u00e1c v\u1edbi website c\u1ee7a ch\u00fang t\u00f4i. Th\u00f4ng tin n\u00e0y bao g\u1ed3m s\u1ed1 l\u01b0\u1ee3t truy c\u1eadp trang, ngu\u1ed3n truy c\u1eadp v\u00e0 c\u00e1c t\u01b0\u01a1ng t\u00e1c c\u1ee7a ng\u01b0\u1eddi d\u00f9ng. C\u00e1c cookie n\u00e0y gi\u00fap ch\u00fang t\u00f4i c\u1ea3i thi\u1ec7n hi\u1ec7u su\u1ea5t website v\u00e0 tr\u1ea3i nghi\u1ec7m ng\u01b0\u1eddi d\u00f9ng. Cookie ph\u00e2n t\u00edch ch\u1ec9 \u0111\u01b0\u1ee3c k\u00edch ho\u1ea1t sau khi ng\u01b0\u1eddi d\u00f9ng cung c\u1ea5p s\u1ef1 \u0111\u1ed3ng \u00fd.<\/p>\n\n\n\n<figure class=\"wp-block-table\"><table class=\"has-fixed-layout\"><thead><tr><th>T\u00ean cookie<\/th><th>Nh\u00e0 cung c\u1ea5p \/ T\u00ean mi\u1ec1n<\/th><th>M\u1ee5c \u0111\u00edch<\/th><th>Th\u1eddi h\u1ea1n l\u01b0u tr\u1eef<\/th><th>Lo\u1ea1i cookie<\/th><\/tr><\/thead><tbody><tr><td>_ga<\/td><td><a href=\"http:\/\/www.c5ip.vn\">www.c5ip.vn<\/a><\/td><td>\u0110\u01b0\u1ee3c Google Analytics 4 s\u1eed d\u1ee5ng \u0111\u1ec3 ph\u00e2n bi\u1ec7t ng\u01b0\u1eddi d\u00f9ng v\u00e0 t\u1ea1o d\u1eef li\u1ec7u th\u1ed1ng k\u00ea v\u1ec1 vi\u1ec7c s\u1eed d\u1ee5ng website.<\/td><td>730 ng\u00e0y<\/td><td>HTTP cookie<\/td><\/tr><tr><td><em>ga<\/em>*<\/td><td><a href=\"http:\/\/www.c5ip.vn\">www.c5ip.vn<\/a><\/td><td>\u0110\u01b0\u1ee3c Google Analytics 4 s\u1eed d\u1ee5ng \u0111\u1ec3 duy tr\u00ec tr\u1ea1ng th\u00e1i phi\u00ean v\u00e0 d\u1eef li\u1ec7u t\u01b0\u01a1ng t\u00e1c c\u1ee7a ng\u01b0\u1eddi d\u00f9ng.<\/td><td>730 ng\u00e0y<\/td><td>HTTP cookie<\/td><\/tr><tr><td>Hm_lpvt_f706e909836e0ff300170c951e7a7ddc<\/td><td><a href=\"http:\/\/www.c5ip.vn\">www.c5ip.vn<\/a><\/td><td>\u0110\u01b0\u1ee3c Baidu Analytics s\u1eed d\u1ee5ng \u0111\u1ec3 theo d\u00f5i phi\u00ean ng\u01b0\u1eddi d\u00f9ng v\u00e0 ho\u1ea1t \u0111\u1ed9ng tr\u00ean c\u00e1c trang.<\/td><td>Phi\u00ean (Session)<\/td><td>HTTP cookie<\/td><\/tr><tr><td>Hm_lvt_f706e909836e0ff300170c951e7a7ddc<\/td><td><a href=\"http:\/\/www.c5ip.vn\">www.c5ip.vn<\/a><\/td><td>\u0110\u01b0\u1ee3c Baidu Analytics s\u1eed d\u1ee5ng \u0111\u1ec3 l\u01b0u tr\u1eef l\u1ecbch s\u1eed truy c\u1eadp c\u1ee7a ng\u01b0\u1eddi d\u00f9ng v\u00e0 ph\u00e2n t\u00edch m\u00f4 h\u00ecnh l\u01b0u l\u01b0\u1ee3ng truy c\u1eadp.<\/td><td>365 ng\u00e0y<\/td><td>HTTP cookie<\/td><\/tr><tr><td>Hm_ck_1770257623165<\/td><td><a href=\"http:\/\/www.c5ip.vn\">www.c5ip.vn<\/a><\/td><td>\u0110\u01b0\u1ee3c Baidu Analytics s\u1eed d\u1ee5ng \u0111\u1ec3 theo d\u00f5i d\u1eef li\u1ec7u ph\u00e2n t\u00edch phi\u00ean v\u00e0 kh\u00e1ch truy c\u1eadp.<\/td><td>Phi\u00ean (Session)<\/td><td>HTTP cookie<\/td><\/tr><tr><td>HMACCOUNT<\/td><td>hm.baidu.com<\/td><td>\u0110\u01b0\u1ee3c Baidu Analytics s\u1eed d\u1ee5ng \u0111\u1ec3 nh\u1eadn di\u1ec7n kh\u00e1ch truy c\u1eadp v\u00e0 h\u1ed7 tr\u1ee3 ph\u00e2n t\u00edch l\u01b0u l\u01b0\u1ee3ng truy c\u1eadp d\u00e0i h\u1ea1n.<\/td><td>Kho\u1ea3ng 12 n\u0103m<\/td><td>HTTP cookie<\/td><\/tr><tr><td>HMACCOUNT_BFESS<\/td><td>hm.baidu.com<\/td><td>\u0110\u01b0\u1ee3c Baidu Analytics s\u1eed d\u1ee5ng \u0111\u1ec3 ph\u00e2n t\u00edch l\u01b0u l\u01b0\u1ee3ng truy c\u1eadp website v\u00e0 h\u00e0nh vi ng\u01b0\u1eddi d\u00f9ng.<\/td><td>400 ng\u00e0y<\/td><td>HTTP cookie<\/td><\/tr><\/tbody><\/table><\/figure>\n\n\n\n<hr class=\"wp-block-separator has-alpha-channel-opacity\"\/>\n\n\n\n<h3 class=\"wp-block-heading\"><strong>Qu\u1ea3n l\u00fd t\u00f9y ch\u1ecdn cookie c\u1ee7a b\u1ea1n<\/strong><\/h3>\n\n\n\n<p>B\u1ea1n c\u00f3 th\u1ec3 qu\u1ea3n l\u00fd t\u00f9y ch\u1ecdn cookie c\u1ee7a m\u00ecnh b\u1ea5t c\u1ee9 l\u00fac n\u00e0o th\u00f4ng qua c\u00f4ng c\u1ee5 qu\u1ea3n l\u00fd s\u1ef1 \u0111\u1ed3ng \u00fd cookie c\u00f3 s\u1eb5n tr\u00ean website. B\u1ea1n c\u0169ng c\u00f3 th\u1ec3 ki\u1ec3m so\u00e1t cookie th\u00f4ng qua c\u00e0i \u0111\u1eb7t tr\u00ecnh duy\u1ec7t, bao g\u1ed3m vi\u1ec7c ch\u1eb7n ho\u1eb7c x\u00f3a cookie.<\/p>\n\n\n\n<p>Vui l\u00f2ng l\u01b0u \u00fd r\u1eb1ng vi\u1ec7c v\u00f4 hi\u1ec7u h\u00f3a cookie ph\u00e2n t\u00edch s\u1ebd kh\u00f4ng \u1ea3nh h\u01b0\u1edfng \u0111\u1ebfn ch\u1ee9c n\u0103ng c\u1ed1t l\u00f5i c\u1ee7a website, nh\u01b0ng c\u00f3 th\u1ec3 h\u1ea1n ch\u1ebf kh\u1ea3 n\u0103ng c\u1ee7a ch\u00fang t\u00f4i trong vi\u1ec7c c\u1ea3i thi\u1ec7n hi\u1ec7u su\u1ea5t website v\u00e0 tr\u1ea3i nghi\u1ec7m ng\u01b0\u1eddi d\u00f9ng.<\/p>\n\n\n\n<hr class=\"wp-block-separator has-alpha-channel-opacity\"\/>\n\n\n\n<h4 class=\"wp-block-heading\"><strong>Qu\u1ea3n l\u00fd t\u00f9y ch\u1ecdn cookie c\u1ee7a b\u1ea1n<\/strong><\/h4>\n\n\n\n<p>Ch\u00fang t\u00f4i c\u00f3 th\u1ec3 c\u1eadp nh\u1eadt Tuy\u00ean b\u1ed1 Cookie n\u00e0y theo th\u1eddi gian \u0111\u1ec3 ph\u1ea3n \u00e1nh c\u00e1c thay \u0111\u1ed5i trong ho\u1ea1t \u0111\u1ed9ng, c\u00f4ng ngh\u1ec7 ho\u1eb7c y\u00eau c\u1ea7u ph\u00e1p l\u00fd. M\u1ecdi c\u1eadp nh\u1eadt s\u1ebd \u0111\u01b0\u1ee3c c\u00f4ng b\u1ed1 tr\u00ean trang n\u00e0y k\u00e8m theo ng\u00e0y hi\u1ec7u l\u1ef1c \u0111\u01b0\u1ee3c c\u1eadp nh\u1eadt.<\/p>\n\n\n\n<hr class=\"wp-block-separator has-alpha-channel-opacity\"\/>\n\n\n\n<h4 class=\"wp-block-heading\">T\u00f3m t\u1eaft<\/h4>\n\n\n\n<p>Website n\u00e0y s\u1eed d\u1ee5ng c\u00e1c lo\u1ea1i cookie sau:<\/p>\n\n\n\n<p><strong>Cookie b\u1eaft bu\u1ed9c (kh\u00f4ng y\u00eau c\u1ea7u s\u1ef1 \u0111\u1ed3ng \u00fd):<\/strong>\r\nwp-wpml_current_language, rc::a, rc::b, rc::c<\/p>\n\n\n\n<p><strong>Cookie ph\u00e2n t\u00edch (y\u00eau c\u1ea7u s\u1ef1 \u0111\u1ed3ng \u00fd):<\/strong>\r\n_ga, <em>ga<\/em>*, Hm_lpvt_f706e909836e0ff300170c951e7a7ddc, Hm_lvt_f706e909836e0ff300170c951e7a7ddc, Hm_ck_1770257623165, HMACCOUNT, HMACCOUNT_BFESS<\/p>\n","protected":false},"excerpt":{"rendered":"<p>Website: https:\/\/www.c5ip.vn Ng\u00e0y hi\u1ec7u l\u1ef1c: 5 th\u00e1ng 2 n\u0103m 2026 T\u1ea1i C5IP, ch\u00fang t\u00f4i nh\u1eadn th\u1ee9c r\u00f5 t\u1ea7m quan tr\u1ecdng c\u1ee7a vi\u1ec7c b\u1ea3o v\u1ec7 quy\u1ec1n ri\u00eang t\u01b0 c\u1ee7a b\u1ea1n v\u00e0 \u0111\u1ea3m b\u1ea3o tu\u00e2n th\u1ee7 Quy \u0111\u1ecbnh Chung v\u1ec1 B\u1ea3o v\u1ec7 D\u1eef li\u1ec7u (GDPR), Ch\u1ec9 th\u1ecb ePrivacy v\u00e0 c\u00e1c quy \u0111\u1ecbnh ph\u00e1p lu\u1eadt v\u1ec1 b\u1ea3o v\u1ec7 [&hellip;]<\/p>\n","protected":false},"author":1,"featured_media":0,"parent":0,"menu_order":0,"comment_status":"closed","ping_status":"closed","template":"","meta":{"inline_featured_image":false,"footnotes":""},"class_list":["post-12729","page","type-page","status-publish","hentry"],"acf":[],"_links":{"self":[{"href":"https:\/\/www.c5ip.vn\/vi\/wp-json\/wp\/v2\/pages\/12729","targetHints":{"allow":["GET"]}}],"collection":[{"href":"https:\/\/www.c5ip.vn\/vi\/wp-json\/wp\/v2\/pages"}],"about":[{"href":"https:\/\/www.c5ip.vn\/vi\/wp-json\/wp\/v2\/types\/page"}],"author":[{"embeddable":true,"href":"https:\/\/www.c5ip.vn\/vi\/wp-json\/wp\/v2\/users\/1"}],"replies":[{"embeddable":true,"href":"https:\/\/www.c5ip.vn\/vi\/wp-json\/wp\/v2\/comments?post=12729"}],"version-history":[{"count":2,"href":"https:\/\/www.c5ip.vn\/vi\/wp-json\/wp\/v2\/pages\/12729\/revisions"}],"predecessor-version":[{"id":12763,"href":"https:\/\/www.c5ip.vn\/vi\/wp-json\/wp\/v2\/pages\/12729\/revisions\/12763"}],"wp:attachment":[{"href":"https:\/\/www.c5ip.vn\/vi\/wp-json\/wp\/v2\/media?parent=12729"}],"curies":[{"name":"wp","href":"https:\/\/api.w.org\/{rel}","templated":true}]}}