{"id":34,"date":"2022-07-04T10:23:50","date_gmt":"2022-07-04T10:23:50","guid":{"rendered":"https:\/\/core5.com.web1.redhost.vn\/trang-chu\/"},"modified":"2026-02-09T07:32:01","modified_gmt":"2026-02-09T07:32:01","slug":"trang-chu","status":"publish","type":"page","link":"https:\/\/www.c5ip.vn\/vi\/","title":{"rendered":"Homepage"},"content":{"rendered":"\n<div class=\"wp-block-group homepage-banner\"><div class=\"wp-block-group__inner-container is-layout-flow wp-block-group-is-layout-flow\">\n<div class=\"wp-block-cover\"><span aria-hidden=\"true\" class=\"wp-block-cover__background has-background-dim-0 has-background-dim\" style=\"background-color:#0a3255\"><\/span><img decoding=\"async\" width=\"1920\" height=\"810\" class=\"wp-block-cover__image-background wp-image-74\" alt=\"\" src=\"https:\/\/www.c5ip.vn\/wp-content\/uploads\/2022\/08\/Group-300.png\" style=\"object-position:100% 40%\" data-object-fit=\"cover\" data-object-position=\"100% 40%\" srcset=\"https:\/\/www.c5ip.vn\/wp-content\/uploads\/2022\/08\/Group-300.png 1920w, https:\/\/www.c5ip.vn\/wp-content\/uploads\/2022\/08\/Group-300-300x127.png 300w, https:\/\/www.c5ip.vn\/wp-content\/uploads\/2022\/08\/Group-300-1024x432.png 1024w, https:\/\/www.c5ip.vn\/wp-content\/uploads\/2022\/08\/Group-300-768x324.png 768w, https:\/\/www.c5ip.vn\/wp-content\/uploads\/2022\/08\/Group-300-1536x648.png 1536w\" sizes=\"(max-width: 1920px) 100vw, 1920px\" \/><div class=\"wp-block-cover__inner-container is-layout-flow wp-block-cover-is-layout-flow\">\n<h1 class=\"wp-block-heading heading-custom fs-2 fs-lg-1\" style=\"font-size:56px;font-style:normal;font-weight:700\">Core5 ho\u1ea1t \u0111\u1ed9ng t\u1ea1i 3 khu v\u1ef1c l\u1edbn nh\u1ea5t t\u1ea1i Vi\u1ec7t Nam, c\u0169ng nh\u01b0 c\u00e1c th\u1ecb tr\u01b0\u1eddng c\u1ea5p 3 v\u00e0 c\u00e1c trung t\u00e2m khu v\u1ef1c.<\/h1>\n\n\n\n<figure class=\"wp-block-image size-full\"><a href=\"#brochure\"><img decoding=\"async\" width=\"56\" height=\"56\" src=\"https:\/\/www.c5ip.vn\/wp-content\/uploads\/2022\/08\/Arrow.png\" alt=\"\" class=\"wp-image-78\"\/><\/a><\/figure>\n<\/div><\/div>\n<\/div><\/div>\n\n\n<div class=\"wp-block-image mx-out-container\">\n<figure class=\"aligncenter size-large is-resized\" id=\"brochure\"><img decoding=\"async\" src=\"https:\/\/www.c5ip.vn\/wp-content\/uploads\/2022\/07\/diviner-1024x18.png\" alt=\"\" class=\"wp-image-17\" width=\"1024\" height=\"18\"\/><\/figure>\n<\/div>\n\n\n<div style=\"height:100px\" aria-hidden=\"true\" class=\"wp-block-spacer\"><\/div>\n\n\n <div class=\"row home_tab align-items-center\">  <div class=\"col-lg-6 mb-lg-0 mb-3 col-12 tab-container d-flex flex-column\">  <div class=\"tab-content\">  <div class=\"content pt-xl-5\" tab-id=\"item-1\"><p><strong><span class=\"fs-6\" style=\"color: #da262e;\">CH\u00daNG T\u00d4I L\u00c0 AI<\/span><\/strong><\/p>\n<h3><span style=\"color: #0a3255;\">G\u1eb7p g\u1ee1 Core5 Vietnam<\/span><\/h3>\n<p>Core5 Vietnam l\u00e0 m\u1ed9t n\u1ec1n t\u1ea3ng b\u1ea5t \u0111\u1ed9ng s\u1ea3n c\u00f4ng nghi\u1ec7p t\u1ea1i Vi\u1ec7t Nam do C\u00f4ng ty Indochina Kajima Development s\u1edf h\u1eefu, t\u1eadp trung v\u00e0o vi\u1ec7c tri\u1ec3n khai nh\u00e0 m\u00e1y H\u1ea1ng A v\u00e0 nh\u00e0 kho \u0111\u1ec3 cho thu\u00ea b\u1ea5t \u0111\u1ed9ng s\u1ea3n tr\u00ean kh\u1eafp c\u00e1c th\u1ecb tr\u01b0\u1eddng tr\u1ecdng \u0111i\u1ec3m c\u1ee7a Vi\u1ec7t Nam.<\/p>\n<p>C\u00f3 tr\u1ee5 s\u1edf ch\u00ednh t\u1ea1i H\u00e0 N\u1ed9i v\u00e0 c\u00e1c v\u0103n ph\u00f2ng t\u1ea1i th\u00e0nh ph\u1ed1 H\u1ed3 Ch\u00ed Minh v\u00e0 \u0110\u00e0 N\u1eb5ng, Core5 Vi\u1ec7t Nam c\u00f3 m\u1ed9t \u0111\u1ed9i ng\u0169 chuy\u00ean gia qu\u1ea3n l\u00fd d\u1ef1 \u00e1n, cho thu\u00ea v\u00e0 qu\u1ea3n l\u00fd c\u01a1 s\u1edf ng\u00e0y c\u00e0ng ph\u00e1t tri\u1ec3n, t\u1eadp trung v\u00e0o vi\u1ec7c cung c\u1ea5p ch\u1ea5t l\u01b0\u1ee3ng v\u01b0\u1ee3t tr\u1ed9i qua t\u1ea5t c\u1ea3 c\u00e1c giai \u0111o\u1ea1n c\u1ee7a v\u00f2ng \u0111\u1eddi d\u1ef1 \u00e1n.<\/p>\n<p><a class=\"read-more fs-6 mb-2\" href=\"https:\/\/www.c5ip.vn\/vi\/ve-chung-toi\/\"><strong>\u0110\u1eccC TH\u00caM <\/strong><img decoding=\"async\" class=\"alignnone size-full wp-image-131\" src=\"https:\/\/www.c5ip.vn\/wp-content\/uploads\/2022\/08\/export.png\" alt=\"\" width=\"18\" height=\"18\" \/><\/a><\/p>\n <\/div>  <\/div>  <div class=\"tab-content \">  <div class=\"content pt-xl-5\" tab-id=\"item-2\"> <p><img decoding=\"async\" class=\"alignnone size-medium wp-image-133\" src=\"https:\/\/www.c5ip.vn\/wp-content\/uploads\/2022\/08\/Frame-300x148.png\" alt=\"\" width=\"300\" height=\"148\" srcset=\"https:\/\/www.c5ip.vn\/wp-content\/uploads\/2022\/08\/Frame-300x148.png 300w, https:\/\/www.c5ip.vn\/wp-content\/uploads\/2022\/08\/Frame.png 469w\" sizes=\"(max-width: 300px) 100vw, 300px\" \/><\/p>\n<ul class=\"list-number-custom mb-3\">\n<li>Ch\u00fang t\u00f4i tin r\u1eb1ng b\u1ea5t \u0111\u1ed9ng s\u1ea3n l\u00e0 m\u1ed9t doanh nghi\u1ec7p quan h\u1ec7.<\/li>\n<li>Ch\u00fang t\u00f4i tin r\u1eb1ng nh\u00e2n vi\u00ean c\u00f3 n\u0103ng l\u1ef1c v\u00e0 t\u1eadn t\u00e2m l\u00e0 ch\u00eca kh\u00f3a th\u00e0nh c\u00f4ng c\u1ee7a ch\u00fang t\u00f4i.<\/li>\n<li>Ch\u00fang t\u00f4i tin t\u01b0\u1edfng v\u00e0o vi\u1ec7c \u0111\u1ea7u t\u01b0 \u0111\u1ec3 c\u00f3 gi\u00e1 tr\u1ecb l\u00e2u d\u00e0i.<\/li>\n<li>Ch\u00fang t\u00f4i tin t\u01b0\u1edfng v\u00e0o s\u1ef1 xu\u1ea5t s\u1eafc theo ti\u00eau chu\u1ea9n cao nh\u1ea5t.<\/li>\n<li>Ch\u00fang t\u00f4i lu\u00f4n gi\u1eef l\u1eddi v\u00e0 th\u1ef1c hi\u1ec7n \u0111\u00fang cam k\u1ebft c\u1ee7a m\u00ecnh.<\/li>\n<\/ul>\n <\/div>  <\/div>  <div class=\"mt-auto \">  <span class=\"cursor-pointer\" toggle-for=\"item-1\"> G\u1eb7p g\u1ee1 Core5 Vietnam<\/span>  <span class=\"cursor-pointer\" toggle-for=\"item-2\"> Gi\u00e1 tr\u1ecb Core5<\/span>  <\/div>  <\/div>  <div class=\"col-lg-6 text-lg-start text-center col-12\">  <div class=\"ratio ratio-1x1\"> <iframe width=\"100%\" height=\"740\" src=\"https:\/\/www.youtube-nocookie.com\/embed\/u34r7yDq_2s?si=IsuDbshwmRXH4FDR\" title=\"CORE5\" frameborder=\"0\" allow=\"accelerometer; autoplay; clipboard-write; encrypted-media; gyroscope; picture-in-picture\" allowfullscreen><\/iframe> <\/div>  <\/div>  <\/div> \n\n\n\n<div style=\"height:100px\" aria-hidden=\"true\" class=\"wp-block-spacer\"><\/div>\n\n\n\n<h3 class=\"wp-block-heading fs-40 mb-4\">S\u1ea3n ph\u1ea9m v\u00e0 D\u1ecbch v\u1ee5<\/h3>\n\n\n\n<div class=\"wp-block-columns mx-out-container home_product_section is-layout-flex wp-container-core-columns-is-layout-9d6595d7 wp-block-columns-is-layout-flex\">\n<div class=\"wp-block-column d-xl-block d-none is-layout-flow wp-block-column-is-layout-flow\" style=\"flex-basis:58px\">\n<figure class=\"wp-block-image size-full\"><img decoding=\"async\" width=\"58\" height=\"720\" src=\"https:\/\/www.c5ip.vn\/wp-content\/uploads\/2022\/08\/Pattern.png\" alt=\"\" class=\"wp-image-168\"\/><\/figure>\n<\/div>\n\n\n\n<div class=\"wp-block-column block_home_product is-layout-flow wp-block-column-is-layout-flow\">\n<div class=\"wp-block-group h-100 justify-content-center p-3 has-background is-vertical is-content-justification-center is-layout-flex wp-container-core-group-is-layout-4b2eccd6 wp-block-group-is-layout-flex\" style=\"background-color:#0a3255\">\n<div class=\"wp-block-group mw-lg-290\"><div class=\"wp-block-group__inner-container is-layout-flow wp-block-group-is-layout-flow\">\n<p class=\"has-white-color has-text-color\">V\u1edbi vi\u1ec7c li\u00ean t\u1ee5c chuy\u1ec3n \u0111\u1ed5i, c\u1ea3i ti\u1ebfn \u0111\u1ec3 n\u00e2ng cao kh\u1ea3 n\u0103ng c\u1ea1nh tranh l\u00e0nh m\u1ea1nh v\u00e0 \u0111\u00e1p \u1ee9ng c\u00e1c y\u00eau c\u1ea7u c\u1ee7a th\u1ecb tr\u01b0\u1eddng th\u00ec ngu\u1ed3n cung Nh\u00e0 x\u01b0\u1edfng X\u00e2y s\u1eb5n v\u00e0 Nh\u00e0 kho t\u1ea1i Vi\u1ec7t Nam c\u1ee7a Core 5 l\u00e0 gi\u1ea3i ph\u00e1p t\u1ed1i \u01b0u nh\u1ea5t hi\u1ec7n nay. Gi\u1ea3i ph\u00e1p c\u00f3 s\u1eb5n c\u1ee7a Core 5 gi\u00fap kh\u00e1ch h\u00e0ng gi\u1ea3i quy\u1ebft c\u00e1c m\u1ed1i lo ng\u1ea1i v\u1ec1 vi\u1ec7c gia nh\u1eadp th\u1ecb tr\u01b0\u1eddng m\u1edbi v\u00e0 r\u00fat ng\u1eafn th\u1eddi gian tri\u1ec3n khai x\u00e2y d\u1ef1ng c\u01a1 s\u1edf h\u1ea1 t\u1ea7ng s\u1ea3n xu\u1ea5t k\u00e9o d\u00e0i c\u0169ng nh\u01b0 \u0111\u01a1n gi\u1ea3n h\u00f3a vi\u1ec7c l\u1eadp k\u1ebf ho\u1ea1ch s\u1ea3n xu\u1ea5t. \u0110\u1ed3ng th\u1eddi chuy\u00ean ng\u00e0nh x\u00e2y d\u1ef1ng gi\u1ea3i ph\u00e1p nh\u00e0 x\u01b0\u1edfng c\u00f4ng nghi\u1ec7p m\u1ed9t c\u00e1ch b\u00e0i b\u1ea3n, chuy\u00ean nghi\u1ec7p nh\u01b0 Core 5 \u0111ang tr\u1edf n\u00ean ph\u1ed5 bi\u1ebfn v\u00e0 c\u1ea7n thi\u1ebft cho l\u0129nh v\u1ef1c h\u1eadu c\u1ea7n v\u00e0 s\u1ea3n xu\u1ea5t c\u1ee7a c\u00e1c \u0111\u01a1n v\u1ecb \u0111ang t\u00ecm ki\u1ebfm c\u00e1c gi\u1ea3i ph\u00e1p ph\u00e1t tri\u1ec3n d\u00e0i h\u1ea1n, b\u1ec1n v\u1eefng h\u01a1n.<\/p>\n\n\n\n<div class=\"wp-block-buttons is-layout-flex wp-block-buttons-is-layout-flex\">\n<div class=\"wp-block-button is-style-outline is-style-outline--1\"><a class=\"wp-block-button__link has-white-color has-text-color has-background wp-element-button\" href=\"https:\/\/www.c5ip.vn\/vi\/chung-toi\/\" style=\"border-radius:0px;background-color:#00000000\"><strong>\u0110\u1ecdc Th\u00eam <img decoding=\"async\" width=\"18\" height=\"18\" class=\"wp-image-131\" style=\"width: 18px;\" src=\"https:\/\/www.c5ip.vn\/wp-content\/uploads\/2022\/08\/export.png\" alt=\"\"><\/strong><\/a><\/div>\n<\/div>\n<\/div><\/div>\n<\/div>\n<\/div>\n\n\n\n<div class=\"wp-block-column is-layout-flow wp-block-column-is-layout-flow\">\n<figure class=\"wp-block-image size-full\"><a href=\"https:\/\/www.c5ip.vn\/vi\/category\/bat-dong-san\/\"><img decoding=\"async\" width=\"468\" height=\"721\" src=\"https:\/\/www.c5ip.vn\/wp-content\/uploads\/2022\/08\/Mask-group.png\" alt=\"\" class=\"wp-image-153\" srcset=\"https:\/\/www.c5ip.vn\/wp-content\/uploads\/2022\/08\/Mask-group.png 468w, https:\/\/www.c5ip.vn\/wp-content\/uploads\/2022\/08\/Mask-group-195x300.png 195w\" sizes=\"(max-width: 468px) 100vw, 468px\" \/><\/a><\/figure>\n\n\n\n<p><strong><a href=\"https:\/\/www.c5ip.vn\/vi\/category\/bat-dong-san\/\">X\u00e2y d\u1ef1ng<br>Cho thu\u00ea nh\u00e0 x\u01b0\u1edfng<\/a><\/strong><\/p>\n<\/div>\n\n\n\n<div class=\"wp-block-column is-layout-flow wp-block-column-is-layout-flow\">\n<figure class=\"wp-block-image size-full\"><a href=\"https:\/\/www.c5ip.vn\/vi\/category\/bat-dong-san\/\"><img decoding=\"async\" width=\"468\" height=\"721\" src=\"https:\/\/www.c5ip.vn\/wp-content\/uploads\/2022\/08\/Mask-group-1.png\" alt=\"\" class=\"wp-image-151\" srcset=\"https:\/\/www.c5ip.vn\/wp-content\/uploads\/2022\/08\/Mask-group-1.png 468w, https:\/\/www.c5ip.vn\/wp-content\/uploads\/2022\/08\/Mask-group-1-195x300.png 195w\" sizes=\"(max-width: 468px) 100vw, 468px\" \/><\/a><\/figure>\n\n\n\n<p><strong><a href=\"https:\/\/www.c5ip.vn\/vi\/category\/bat-dong-san\/\">X\u00e2y d\u1ef1ng<br>Cho thu\u00ea kho<\/a><\/strong><\/p>\n<\/div>\n\n\n\n<div class=\"wp-block-column is-layout-flow wp-block-column-is-layout-flow\">\n<figure class=\"wp-block-image size-full\"><a href=\"https:\/\/www.c5ip.vn\/vi\/category\/bat-dong-san\/\"><img decoding=\"async\" width=\"468\" height=\"721\" src=\"https:\/\/www.c5ip.vn\/wp-content\/uploads\/2022\/08\/Mask-group-2.png\" alt=\"\" class=\"wp-image-155\" srcset=\"https:\/\/www.c5ip.vn\/wp-content\/uploads\/2022\/08\/Mask-group-2.png 468w, https:\/\/www.c5ip.vn\/wp-content\/uploads\/2022\/08\/Mask-group-2-195x300.png 195w\" sizes=\"(max-width: 468px) 100vw, 468px\" \/><\/a><\/figure>\n\n\n\n<p><strong><a href=\"https:\/\/www.c5ip.vn\/vi\/category\/bat-dong-san\/\">X\u00e2y d\u1ef1ng<br>Khu c\u00f4ng nghi\u1ec7p<\/a><\/strong><\/p>\n<\/div>\n<\/div>\n\n\n\n<div style=\"height:86px\" aria-hidden=\"true\" class=\"wp-block-spacer\"><\/div>\n\n\n\n<div class=\"wp-block-columns properties is-layout-flex wp-container-core-columns-is-layout-9d6595d7 wp-block-columns-is-layout-flex\">\n<div class=\"wp-block-column is-layout-flow wp-block-column-is-layout-flow\">\n<h3 class=\"wp-block-heading\">Kh\u00e1m ph\u00e1 to\u00e0n b\u1ed9 b\u1ea5t \u0111\u1ed9ng s\u1ea3n<br>c\u1ee7a Core5 Vi\u1ec7t Nam<\/h3>\n\n\n\n<p>Core5 Vi\u1ec7t Nam tin t\u01b0\u1edfng v\u00e0o c\u00e1c nguy\u00ean t\u1eafc c\u01a1 b\u1ea3n d\u00e0i h\u1ea1n c\u1ee7a Vi\u1ec7t Nam v\u00e0 c\u00f3 k\u1ebf ho\u1ea1ch<br>tri\u1ec3n khai m\u1ed9t danh m\u1ee5c c\u00e1c b\u1ea5t \u0111\u1ed9ng s\u1ea3n c\u00f4ng nghi\u1ec7p \u0111\u1eb7c bi\u1ec7t trong c\u00e1c trung t\u00e2m s\u1ea3n xu\u1ea5t v\u00e0 h\u1eadu c\u1ea7n hi\u1ec7n t\u1ea1i v\u00e0 s\u1eafp t\u1edbi tr\u00ean kh\u1eafp c\u1ea3 n\u01b0\u1edbc.<\/p>\n<\/div>\n\n\n\n<div class=\"wp-block-column is-vertically-aligned-center ml-auto is-layout-flow wp-block-column-is-layout-flow\">\n<div class=\"wp-block-buttons is-content-justification-right is-layout-flex wp-container-core-buttons-is-layout-765c4724 wp-block-buttons-is-layout-flex\">\n<div class=\"wp-block-button\"><a class=\"wp-block-button__link has-background wp-element-button\" href=\"https:\/\/www.c5ip.vn\/vi\/category\/bat-dong-san\/\" style=\"border-radius:0px;background-color:#0a3255\"><strong>T\u1ea4T C\u1ea2 B\u1ea4T \u0110\u1ed8NG S\u1ea2N<\/strong> <img decoding=\"async\" width=\"18\" height=\"18\" class=\"wp-image-131\" style=\"width: 18px;\" src=\"https:\/\/www.c5ip.vn\/wp-content\/uploads\/2022\/08\/export.png\" alt=\"\"><\/a><\/div>\n<\/div>\n<\/div>\n<\/div>\n\n\n <div class=\"sidebar-content properties-range-widget\"> <div class=\"widget widget_block\"><div class=\"widget-content\"><\/div><\/div><div class=\"widget widget_block\"><div class=\"widget-content\">\n<div class=\"wp-block-columns is-layout-flex wp-container-core-columns-is-layout-9d6595d7 wp-block-columns-is-layout-flex\">\n<div class=\"wp-block-column is-layout-flow wp-block-column-is-layout-flow\">\n<figure class=\"wp-block-image size-large\"><img decoding=\"async\" width=\"58\" height=\"50\" src=\"https:\/\/www.c5ip.vn\/wp-content\/uploads\/2022\/08\/Group-283.svg\" alt=\"\" class=\"wp-image-186\"\/><\/figure>\n\n\n\n<h5 class=\"wp-block-heading\">T\u1ed5ng di\u1ec7n t\u00edch \u0111\u1ea5t<\/h5>\n\n\n\n<p><strong><span class=\"count-number\">904,830<\/span> m2<\/strong><\/p>\n<\/div>\n\n\n\n<div class=\"wp-block-column is-layout-flow wp-block-column-is-layout-flow\">\n<figure class=\"wp-block-image size-large\"><img decoding=\"async\" width=\"49\" height=\"49\" src=\"https:\/\/www.c5ip.vn\/wp-content\/uploads\/2022\/08\/Group.svg\" alt=\"\" class=\"wp-image-190\"\/><\/figure>\n\n\n\n<h5 class=\"wp-block-heading\">T\u1ed5ng di\u1ec7n t\u00edch s\u00e0n<\/h5>\n\n\n\n<p><strong><span class=\"count-number\">712,689<\/span> m2<\/strong><\/p>\n<\/div>\n\n\n\n<div class=\"wp-block-column is-layout-flow wp-block-column-is-layout-flow\">\n<figure class=\"wp-block-image size-large\"><img decoding=\"async\" width=\"49\" height=\"49\" src=\"https:\/\/www.c5ip.vn\/wp-content\/uploads\/2022\/08\/Group-284.svg\" alt=\"\" class=\"wp-image-188\"\/><\/figure>\n\n\n\n<h5 class=\"wp-block-heading\">T\u1ed5ng chi ph\u00ed \u0111\u1ea7u t\u01b0 <\/h5>\n\n\n\n<p><strong>US$ <span class=\"count-number\">421.11<\/span> mil<\/strong><\/p>\n<\/div>\n\n\n\n<div class=\"wp-block-column is-layout-flow wp-block-column-is-layout-flow\">\n<figure class=\"wp-block-image size-large\"><img decoding=\"async\" width=\"53\" height=\"48\" src=\"https:\/\/www.c5ip.vn\/wp-content\/uploads\/2022\/08\/Vector.svg\" alt=\"\" class=\"wp-image-192\"\/><\/figure>\n\n\n\n<h5 class=\"wp-block-heading\">T\u1ed5ng di\u1ec7n t\u00edch cho thu\u00ea<\/h5>\n\n\n\n<p><strong><span class=\"count-number\">679,912<\/span> m2<\/strong><\/p>\n<\/div>\n<\/div>\n<\/div><\/div><div class=\"widget widget_block\"><div class=\"widget-content\"><\/div><\/div><div class=\"widget widget_block\"><div class=\"widget-content\"><\/div><\/div><div class=\"widget widget_block\"><div class=\"widget-content\"><\/div><\/div> <\/div> \n\n\n\n<div style=\"height:100px\" aria-hidden=\"true\" class=\"wp-block-spacer\"><\/div>\n","protected":false},"excerpt":{"rendered":"<p>S\u1ea3n ph\u1ea9m v\u00e0 D\u1ecbch v\u1ee5 V\u1edbi vi\u1ec7c li\u00ean t\u1ee5c chuy\u1ec3n \u0111\u1ed5i, c\u1ea3i ti\u1ebfn \u0111\u1ec3 n\u00e2ng cao kh\u1ea3 n\u0103ng c\u1ea1nh tranh l\u00e0nh m\u1ea1nh v\u00e0 \u0111\u00e1p \u1ee9ng c\u00e1c y\u00eau c\u1ea7u c\u1ee7a th\u1ecb tr\u01b0\u1eddng th\u00ec ngu\u1ed3n cung Nh\u00e0 x\u01b0\u1edfng X\u00e2y s\u1eb5n v\u00e0 Nh\u00e0 kho t\u1ea1i Vi\u1ec7t Nam c\u1ee7a Core 5 l\u00e0 gi\u1ea3i ph\u00e1p t\u1ed1i \u01b0u nh\u1ea5t hi\u1ec7n nay. [&hellip;]<\/p>\n","protected":false},"author":1,"featured_media":0,"parent":0,"menu_order":0,"comment_status":"closed","ping_status":"closed","template":"templates\/template-homepage.php","meta":{"inline_featured_image":false,"footnotes":""},"class_list":["post-34","page","type-page","status-publish","hentry"],"acf":[],"_links":{"self":[{"href":"https:\/\/www.c5ip.vn\/vi\/wp-json\/wp\/v2\/pages\/34","targetHints":{"allow":["GET"]}}],"collection":[{"href":"https:\/\/www.c5ip.vn\/vi\/wp-json\/wp\/v2\/pages"}],"about":[{"href":"https:\/\/www.c5ip.vn\/vi\/wp-json\/wp\/v2\/types\/page"}],"author":[{"embeddable":true,"href":"https:\/\/www.c5ip.vn\/vi\/wp-json\/wp\/v2\/users\/1"}],"replies":[{"embeddable":true,"href":"https:\/\/www.c5ip.vn\/vi\/wp-json\/wp\/v2\/comments?post=34"}],"version-history":[{"count":2,"href":"https:\/\/www.c5ip.vn\/vi\/wp-json\/wp\/v2\/pages\/34\/revisions"}],"predecessor-version":[{"id":12744,"href":"https:\/\/www.c5ip.vn\/vi\/wp-json\/wp\/v2\/pages\/34\/revisions\/12744"}],"wp:attachment":[{"href":"https:\/\/www.c5ip.vn\/vi\/wp-json\/wp\/v2\/media?parent=34"}],"curies":[{"name":"wp","href":"https:\/\/api.w.org\/{rel}","templated":true}]}}