{"id":742,"date":"2022-08-15T07:03:58","date_gmt":"2022-08-15T07:03:58","guid":{"rendered":"https:\/\/core5.com.web1.redhost.vn\/lien-he\/"},"modified":"2023-05-30T06:31:30","modified_gmt":"2023-05-30T06:31:30","slug":"lien-he","status":"publish","type":"page","link":"https:\/\/www.c5ip.vn\/vi\/lien-he\/","title":{"rendered":"Li\u00ean h\u1ec7"},"content":{"rendered":"\n<div class=\"wp-block-group has-background is-layout-flex wp-block-group-is-layout-flex\" style=\"background-color:#0a3255\">\n<div class=\"wp-block-group has-white-color has-text-color\"><div class=\"wp-block-group__inner-container is-layout-flow wp-block-group-is-layout-flow\">\n<h2 class=\"wp-block-heading has-white-color has-text-color\">Core5 Vi\u1ec7t Nam<\/h2>\n\n\n\n<hr class=\"wp-block-separator has-alpha-channel-opacity is-style-default hr-dash border-info-100 text-info-100\"\/>\n\n\n\n<div class=\"wp-block-group mb-24px is-content-justification-space-between is-nowrap is-layout-flex wp-container-core-group-is-layout-0dfbf163 wp-block-group-is-layout-flex\">\n<p><strong>Th\u00e0nh ph\u1ed1 H\u00e0 N\u1ed9i<\/strong><br>Indochina Plaza Hanoi, Suite 900, <br>241 Xu\u00e2n Th\u1ee7y, Qu\u1eadn C\u1ea7u Gi\u1ea5y, H\u00e0 N\u1ed9i, Vi\u1ec7t Nam.<\/p>\n\n\n\n<figure class=\"wp-block-image size-full\"><a href=\"https:\/\/www.google.com\/maps\/place\/241+Xu%C3%A2n+Th%E1%BB%A7y,+D%E1%BB%8Bch+V%E1%BB%8Dng+H%E1%BA%ADu,+C%E1%BA%A7u+Gi%E1%BA%A5y,+H%C3%A0+N%E1%BB%99i\/data=!4m2!3m1!1s0x3135ab4ab82e8a2d:0xe52fd6b755ba654c?sa=X&amp;ved=2ahUKEwit5OT0uIL6AhUOpVYBHUPXDGIQ8gF6BAgkEAE\" target=\"_blank\" rel=\"noreferrer noopener\"><img decoding=\"async\" width=\"40\" height=\"40\" src=\"https:\/\/www.c5ip.vn\/wp-content\/uploads\/2022\/09\/Icon-1.png\" alt=\"\" class=\"wp-image-643\"\/><\/a><\/figure>\n<\/div>\n\n\n\n<div class=\"wp-block-group mb-24px is-content-justification-space-between is-nowrap is-layout-flex wp-container-core-group-is-layout-0dfbf163 wp-block-group-is-layout-flex\">\n<p>Th\u00e0nh ph\u1ed1 H\u1ed3 Ch\u00ed Minh<br>Capital Place, L\u1ea7u 10, <br>6 Th\u00e1i V\u0103n Lung, Qu\u1eadn 1, H\u1ed3 Ch\u00ed Minh, Vi\u1ec7t Nam.<\/p>\n\n\n\n<figure class=\"wp-block-image size-full\"><a href=\"https:\/\/www.google.com\/maps\/place\/6+Th%C3%A1i+V%C4%83n+Lung,+B%E1%BA%BFn+Ngh%C3%A9,+Qu%E1%BA%ADn+1,+Th%C3%A0nh+ph%E1%BB%91+H%E1%BB%93+Ch%C3%AD+Minh,+Vi%E1%BB%87t+Nam\/@10.7789548,106.70317,17z\/data=!3m1!4b1!4m5!3m4!1s0x31752f48b697161b:0x526dfae81c84a8cf!8m2!3d10.7789495!4d106.7053587\" target=\"_blank\" rel=\"noreferrer noopener\"><img decoding=\"async\" width=\"40\" height=\"40\" src=\"https:\/\/www.c5ip.vn\/wp-content\/uploads\/2022\/09\/Icon-1.png\" alt=\"\" class=\"wp-image-643\"\/><\/a><\/figure>\n<\/div>\n\n\n\n<div class=\"wp-block-group is-content-justification-space-between is-nowrap is-layout-flex wp-container-core-group-is-layout-0dfbf163 wp-block-group-is-layout-flex\">\n<p><strong>Th\u00e0nh Ph\u1ed1 \u0110\u00e0 N\u1eb5ng<\/strong><br>Indochina Riverside Towers, L\u1ea7u 8,<br> 74 B\u1ea1ch \u0110\u1eb1ng, Qu\u1eadn H\u1ea3i Ch\u00e2u, \u0110\u00e0 N\u1eb5ng, Vi\u1ec7t Nam<\/p>\n\n\n\n<figure class=\"wp-block-image size-full\"><a href=\"https:\/\/www.google.com\/maps\/place\/6+Th%C3%A1i+V%C4%83n+Lung,+B%E1%BA%BFn+Ngh%C3%A9,+Qu%E1%BA%ADn+1,+Th%C3%A0nh+ph%E1%BB%91+H%E1%BB%93+Ch%C3%AD+Minh,+Vi%E1%BB%87t+Nam\/@10.7789548,106.70317,17z\/data=!3m1!4b1!4m5!3m4!1s0x31752f48b697161b:0x526dfae81c84a8cf!8m2!3d10.7789495!4d106.7053587\" target=\"_blank\" rel=\"noreferrer noopener\"><img decoding=\"async\" width=\"40\" height=\"40\" src=\"https:\/\/core5.com.web1.redhost.vn\/wp-content\/uploads\/2022\/09\/Icon-1.png\" alt=\"\" class=\"wp-image-643\"\/><\/a><\/figure>\n<\/div>\n\n\n\n<hr class=\"wp-block-separator has-alpha-channel-opacity is-style-default hr-dash border-white text-white\"\/>\n\n\n\n<p><strong>HOTLINE<\/strong>: <a href=\"tel:1900633407\">1900 633407<\/a><br>Email: <a href=\"mailto:Leasing@c5ip.vn\">Leasing@c5ip.vn<\/a><br>Tel: <a href=\"tel:+84 28 3910 48 55\">+84 28 3910 48 55<\/a><br>Fax: <a href=\"tel:+84 28 3910 48 60\">+84 28 3910 48 60<\/a><\/p>\n\n\n\n<div class=\"wp-block-group footer-social is-nowrap is-layout-flex wp-container-core-group-is-layout-ad2f72ca wp-block-group-is-layout-flex\">\n<figure class=\"wp-block-image size-full me-2\"><a href=\"https:\/\/www.facebook.com\/\" target=\"_blank\" rel=\"noreferrer noopener\"><img decoding=\"async\" width=\"40\" height=\"40\" src=\"https:\/\/core5.com.web1.redhost.vn\/wp-content\/uploads\/2022\/09\/Facebook-1.png\" alt=\"\" class=\"wp-image-635\"\/><\/a><\/figure>\n\n\n\n<figure class=\"wp-block-image size-full me-2\"><a href=\"https:\/\/twitter.com\/\" target=\"_blank\" rel=\"noreferrer noopener\"><img decoding=\"async\" width=\"40\" height=\"40\" src=\"https:\/\/core5.com.web1.redhost.vn\/wp-content\/uploads\/2022\/09\/Twiiter-1.png\" alt=\"\" class=\"wp-image-637\"\/><\/a><\/figure>\n\n\n\n<figure class=\"wp-block-image size-full\"><a href=\"https:\/\/www.linkedin.com\/\" target=\"_blank\" rel=\"noreferrer noopener\"><img decoding=\"async\" width=\"40\" height=\"40\" src=\"https:\/\/core5.com.web1.redhost.vn\/wp-content\/uploads\/2022\/09\/linkedin-in-1.png\" alt=\"\" class=\"wp-image-641\"\/><\/a><\/figure>\n<\/div>\n<\/div><\/div>\n\n\n\n<div class=\"wp-block-group has-white-color has-text-color\"><div class=\"wp-block-group__inner-container is-layout-flow wp-block-group-is-layout-flow\">\n<h2 class=\"wp-block-heading\">Contact us<\/h2>\n\n\n\n<p>Fill out the form below, call or email us. We will respond as soon as possible.<\/p>\n\n\n\n<div class=\"wp-block-contact-form-7-contact-form-selector\">\n<div class=\"wpcf7 no-js\" id=\"wpcf7-f31-o1\" lang=\"vi-VN\" dir=\"ltr\" data-wpcf7-id=\"31\">\n<div class=\"screen-reader-response\"><p role=\"status\" aria-live=\"polite\" aria-atomic=\"true\"><\/p> <ul><\/ul><\/div>\n<form action=\"\/vi\/wp-json\/wp\/v2\/pages\/742#wpcf7-f31-o1\" method=\"post\" class=\"wpcf7-form init\" aria-label=\"Contact form\" novalidate=\"novalidate\" data-status=\"init\">\n<fieldset class=\"hidden-fields-container\"><input type=\"hidden\" name=\"_wpcf7\" value=\"31\" \/><input type=\"hidden\" name=\"_wpcf7_version\" value=\"6.1.5\" \/><input type=\"hidden\" name=\"_wpcf7_locale\" value=\"vi_VN\" \/><input type=\"hidden\" name=\"_wpcf7_unit_tag\" value=\"wpcf7-f31-o1\" \/><input type=\"hidden\" name=\"_wpcf7_container_post\" value=\"0\" \/><input type=\"hidden\" name=\"_wpcf7_posted_data_hash\" value=\"\" \/><input type=\"hidden\" name=\"_wpcf7_recaptcha_response\" value=\"\" \/>\n<\/fieldset>\n<div class=\"row\">\n\t<div class=\"col-lg-12 mb-1 mb-xxl-16px\">\n\t\t<p><label class=\"mb-1\"> Full Name <span class=\"text-danger\">*<\/span><\/label><br \/>\n<span class=\"wpcf7-form-control-wrap\" data-name=\"your-name\"><input size=\"40\" maxlength=\"400\" class=\"wpcf7-form-control wpcf7-text wpcf7-validates-as-required\" aria-required=\"true\" aria-invalid=\"false\" placeholder=\"Enter your name\" value=\"\" type=\"text\" name=\"your-name\" \/><\/span>\n\t\t<\/p>\n\t<\/div>\n\t<div class=\"col-lg-12 mb-1 mb-xxl-16px\">\n\t\t<p><label class=\"mb-1\">Your Email <span class=\"text-danger\">*<\/span><\/label><br \/>\n<span class=\"wpcf7-form-control-wrap\" data-name=\"your-email\"><input size=\"40\" maxlength=\"400\" class=\"wpcf7-form-control wpcf7-email wpcf7-validates-as-required wpcf7-text wpcf7-validates-as-email\" aria-required=\"true\" aria-invalid=\"false\" placeholder=\"Enter your email\" value=\"\" type=\"email\" name=\"your-email\" \/><\/span>\n\t\t<\/p>\n\t<\/div>\n\t<div class=\"col-lg-12 mb-1 mb-xxl-16px\">\n\t\t<p><label class=\"mb-1\">Your Phone <span class=\"text-danger\">*<\/span><\/label><br \/>\n<span class=\"wpcf7-form-control-wrap\" data-name=\"phone-number\"><input size=\"40\" maxlength=\"400\" class=\"wpcf7-form-control wpcf7-tel wpcf7-validates-as-required wpcf7-text wpcf7-validates-as-tel\" aria-required=\"true\" aria-invalid=\"false\" placeholder=\"Enter your phone\" value=\"\" type=\"tel\" name=\"phone-number\" \/><\/span>\n\t\t<\/p>\n\t<\/div>\n\t<div class=\"col-lg-12 mb-1 mb-xxl-16px\">\n\t\t<p><label class=\"mb-1\">Your Message <span class=\"text-danger\">*<\/span><\/label><br \/>\n<span class=\"wpcf7-form-control-wrap\" data-name=\"your-message\"><textarea cols=\"40\" rows=\"10\" maxlength=\"2000\" class=\"wpcf7-form-control wpcf7-textarea wpcf7-validates-as-required\" aria-required=\"true\" aria-invalid=\"false\" placeholder=\"Enter your message\" name=\"your-message\"><\/textarea><\/span>\n\t\t<\/p>\n\t<\/div>\n<\/div>\n<p>B\u1eb1ng c\u00e1ch g\u1eedi bi\u1ec3u m\u1eabu n\u00e0y, b\u1ea1n \u0111\u1ed3ng \u00fd r\u1eb1ng Core5 c\u00f3 th\u1ec3 x\u1eed l\u00fd d\u1eef li\u1ec7u c\u00e1 nh\u00e2n c\u1ee7a b\u1ea1n \u0111\u1ec3 ph\u1ea3n h\u1ed3i y\u00eau c\u1ea7u v\u00e0 cung c\u1ea5p th\u00f4ng tin b\u1ea1n \u0111\u00e3 y\u00eau c\u1ea7u, theo <a href=\"https:\/\/www.c5ip.vn\/vi\/chinh-sach-bao-mat\/\" target=\"_blank\" rel=\"noopener\">Ch\u00ednh s\u00e1ch Quy\u1ec1n ri\u00eang t\u01b0<\/a>.\n<\/p>\n<span class=\"wpcf7-form-control-wrap recaptcha\" data-name=\"recaptcha\"><span data-sitekey=\"6LcUwTolAAAAACUtDZGAGxYZKaLefRytjPlBPrJL\" class=\"wpcf7-form-control wpcf7-recaptcha g-recaptcha d-block my-2\"><\/span>\r\n<noscript>\r\n\t<div class=\"grecaptcha-noscript\">\r\n\t\t<iframe src=\"https:\/\/www.google.com\/recaptcha\/api\/fallback?k=6LcUwTolAAAAACUtDZGAGxYZKaLefRytjPlBPrJL\" frameborder=\"0\" scrolling=\"no\" width=\"310\" height=\"430\">\r\n\t\t<\/iframe>\r\n\t\t<textarea name=\"g-recaptcha-response\" rows=\"3\" cols=\"40\" placeholder=\"reCaptcha Response Here\">\r\n\t\t<\/textarea>\r\n\t<\/div>\r\n<\/noscript>\r\n<\/span>\n<p><button type=\"submit\" class=\"btn btn-primary hover-primary d-flex align-items-center px-3 py-1 py-xxl-16px rounded-0 fs-5 wpcf7-form-control wpcf7-submit border-white\">SUBMIT NOW<span class=\"wpcf7-spinner\"><\/span><\/button>\n<\/p><div class=\"wpcf7-response-output\" aria-hidden=\"true\"><\/div>\n<\/form>\n<\/div>\n<\/div>\n<\/div><\/div>\n<\/div>\n","protected":false},"excerpt":{"rendered":"<p>Core5 Vi\u1ec7t Nam Th\u00e0nh ph\u1ed1 H\u00e0 N\u1ed9iIndochina Plaza Hanoi, Suite 900, 241 Xu\u00e2n Th\u1ee7y, Qu\u1eadn C\u1ea7u Gi\u1ea5y, H\u00e0 N\u1ed9i, Vi\u1ec7t Nam. Th\u00e0nh ph\u1ed1 H\u1ed3 Ch\u00ed MinhCapital Place, L\u1ea7u 10, 6 Th\u00e1i V\u0103n Lung, Qu\u1eadn 1, H\u1ed3 Ch\u00ed Minh, Vi\u1ec7t Nam. Th\u00e0nh Ph\u1ed1 \u0110\u00e0 N\u1eb5ngIndochina Riverside Towers, L\u1ea7u 8, 74 B\u1ea1ch \u0110\u1eb1ng, Qu\u1eadn H\u1ea3i Ch\u00e2u, \u0110\u00e0 [&hellip;]<\/p>\n","protected":false},"author":1,"featured_media":0,"parent":0,"menu_order":0,"comment_status":"closed","ping_status":"closed","template":"templates\/template-contact.php","meta":{"inline_featured_image":false,"footnotes":""},"class_list":["post-742","page","type-page","status-publish","hentry"],"acf":[],"_links":{"self":[{"href":"https:\/\/www.c5ip.vn\/vi\/wp-json\/wp\/v2\/pages\/742","targetHints":{"allow":["GET"]}}],"collection":[{"href":"https:\/\/www.c5ip.vn\/vi\/wp-json\/wp\/v2\/pages"}],"about":[{"href":"https:\/\/www.c5ip.vn\/vi\/wp-json\/wp\/v2\/types\/page"}],"author":[{"embeddable":true,"href":"https:\/\/www.c5ip.vn\/vi\/wp-json\/wp\/v2\/users\/1"}],"replies":[{"embeddable":true,"href":"https:\/\/www.c5ip.vn\/vi\/wp-json\/wp\/v2\/comments?post=742"}],"version-history":[{"count":0,"href":"https:\/\/www.c5ip.vn\/vi\/wp-json\/wp\/v2\/pages\/742\/revisions"}],"wp:attachment":[{"href":"https:\/\/www.c5ip.vn\/vi\/wp-json\/wp\/v2\/media?parent=742"}],"curies":[{"name":"wp","href":"https:\/\/api.w.org\/{rel}","templated":true}]}}