{"id":753,"date":"2022-08-15T07:02:32","date_gmt":"2022-08-15T07:02:32","guid":{"rendered":"https:\/\/core5.com.web1.redhost.vn\/what-we-do\/"},"modified":"2022-10-31T07:31:23","modified_gmt":"2022-10-31T07:31:23","slug":"chung-toi","status":"publish","type":"page","link":"https:\/\/www.c5ip.vn\/vi\/chung-toi\/","title":{"rendered":"Ch\u00fang t\u00f4i"},"content":{"rendered":"\n<div style=\"height:77px\" aria-hidden=\"true\" class=\"wp-block-spacer\"><\/div>\n\n\n<div id=\"crumbs\"  class=\"wow fadeInUp font-sans-serif-bold mb-16px fw-bold text-uppercase fw-medium\"><a href=\"https:\/\/www.c5ip.vn\/vi\/\">Trang ch\u1ee7<\/a> <span class=\"iconify\" data-icon=\"akar-icons:chevron-right\"><\/span> <span class=\"current\">Page<\/span><\/div>\n\n\n\n<div class=\"wp-block-group section-1 is-layout-flex wp-block-group-is-layout-flex\">\n<div class=\"wp-block-group mb-3 mb-lg-0\"><div class=\"wp-block-group__inner-container is-layout-flow wp-block-group-is-layout-flow\">\n<h1 class=\"wp-block-heading\" style=\"font-size:56px\">VN We Are Industrial Specialists<\/h1>\n\n\n\n<p class=\"has-medium-font-size\"><strong>VN Core5 Industrial Partners is an industrial real estate property company specializing in development and acquisition of Class A inventory and build-to-suit facilities. We are committed to the highest quality in everything we do, from developing best-in-class buildings to providing unparalleled services to our brokers, investors, lenders and tenants.<\/strong><\/p>\n<\/div><\/div>\n\n\n<button type=\"button\" class=\"btn btn-primary rounded-0\" data-bs-toggle=\"modal\" data-bs-target=\"#downloadPDF\">T\u1ea3i t\u00e0i li\u1ec7u<img decoding=\"async\" src=\"\/wp-content\/themes\/core5\/images\/read-more-white.png\" alt=\"\" \/> <\/button><div class=\"modal fade\" id=\"downloadPDF\" data-subject=\"T\u1ea3i t\u00e0i li\u1ec7u\" data-file-name=\"Core5-Vietnam-Slimrack-ENG_FINALFINAL.pdf\" data-file=\"https:\/\/www.c5ip.vn\/wp-content\/uploads\/2022\/07\/Core5-Vietnam-Slimrack-ENG_FINALFINAL.pdf\" tabindex=\"-1\" aria-labelledby=\"label_downloadPDF\" aria-hidden=\"true\">\n        <div class=\"modal-dialog modal-dialog-centered \">\n            <div class=\"modal-content\">\n                <div class=\"modal-header border-0\">\n                    <h5 class=\"modal-title\" id=\"label_downloadPDF\">T\u1ea3i t\u00e0i li\u1ec7u<\/h5>\n                    <button type=\"button\" class=\"btn-close\" data-bs-dismiss=\"modal\" aria-label=\"Close\"><\/button>\n                <\/div>\n                <div class=\"modal-body\">\n                    \n<div class=\"wpcf7 no-js\" id=\"wpcf7-f823-o1\" lang=\"vi-VN\" dir=\"ltr\" data-wpcf7-id=\"823\">\n<div class=\"screen-reader-response\"><p role=\"status\" aria-live=\"polite\" aria-atomic=\"true\"><\/p> <ul><\/ul><\/div>\n<form action=\"\/vi\/wp-json\/wp\/v2\/pages\/753#wpcf7-f823-o1\" method=\"post\" class=\"wpcf7-form init\" aria-label=\"Contact form\" novalidate=\"novalidate\" data-status=\"init\">\n<fieldset class=\"hidden-fields-container\"><input type=\"hidden\" name=\"_wpcf7\" value=\"823\" \/><input type=\"hidden\" name=\"_wpcf7_version\" value=\"6.1.5\" \/><input type=\"hidden\" name=\"_wpcf7_locale\" value=\"vi_VN\" \/><input type=\"hidden\" name=\"_wpcf7_unit_tag\" value=\"wpcf7-f823-o1\" \/><input type=\"hidden\" name=\"_wpcf7_container_post\" value=\"0\" \/><input type=\"hidden\" name=\"_wpcf7_posted_data_hash\" value=\"\" \/><input type=\"hidden\" name=\"_wpcf7_recaptcha_response\" value=\"\" \/>\n<\/fieldset>\n<p><label> Your name <code><sup>*<\/sup><\/code><br \/>\n<span class=\"wpcf7-form-control-wrap\" data-name=\"your-name\"><input size=\"40\" maxlength=\"400\" class=\"wpcf7-form-control wpcf7-text wpcf7-validates-as-required\" aria-required=\"true\" aria-invalid=\"false\" placeholder=\"Enter your name\" value=\"\" type=\"text\" name=\"your-name\" \/><\/span> <\/label>\n<\/p>\n<p><label> Your email <code><sup>*<\/sup><\/code><br \/>\n<span class=\"wpcf7-form-control-wrap\" data-name=\"your-email\"><input size=\"40\" maxlength=\"400\" class=\"wpcf7-form-control wpcf7-email wpcf7-validates-as-required wpcf7-text wpcf7-validates-as-email\" aria-required=\"true\" aria-invalid=\"false\" placeholder=\"Enter your email\" value=\"\" type=\"email\" name=\"your-email\" \/><\/span> <\/label>\n<\/p>\n<p><label> Phone Number <code><sup>*<\/sup><\/code><br \/>\n<span class=\"wpcf7-form-control-wrap\" data-name=\"phone-number\"><input size=\"40\" maxlength=\"400\" class=\"wpcf7-form-control wpcf7-tel wpcf7-text wpcf7-validates-as-tel\" aria-invalid=\"false\" placeholder=\"Enter your phone\" value=\"\" type=\"tel\" name=\"phone-number\" \/><\/span> <\/label><br \/>\n<span class=\"wpcf7-form-control-wrap\" data-name=\"filePDF\"><input size=\"40\" maxlength=\"400\" class=\"wpcf7-form-control wpcf7-text d-none\" id=\"pdf-filedownload\" aria-invalid=\"false\" value=\"\" type=\"text\" name=\"filePDF\" \/><\/span>\n<\/p>\n<p><span class=\"wpcf7-form-control-wrap\" data-name=\"your-subject\"><input size=\"40\" maxlength=\"400\" class=\"wpcf7-form-control wpcf7-text d-none\" id=\"pdf-subject\" aria-invalid=\"false\" value=\"\" type=\"text\" name=\"your-subject\" \/><\/span>\n<\/p>\n<p>B\u1eb1ng c\u00e1ch g\u1eedi bi\u1ec3u m\u1eabu n\u00e0y, b\u1ea1n \u0111\u1ed3ng \u00fd r\u1eb1ng Core5 c\u00f3 th\u1ec3 x\u1eed l\u00fd d\u1eef li\u1ec7u c\u00e1 nh\u00e2n c\u1ee7a b\u1ea1n \u0111\u1ec3 cung c\u1ea5p quy\u1ec1n truy c\u1eadp v\u00e0o t\u00e0i li\u1ec7u \u0111\u00e3 y\u00eau c\u1ea7u, theo <a href=\"https:\/\/www.c5ip.vn\/vi\/chinh-sach-bao-mat\/\" target=\"_blank\" rel=\"noopener\">Ch\u00ednh s\u00e1ch Quy\u1ec1n ri\u00eang t\u01b0<\/a>.\n<\/p>\n<span class=\"wpcf7-form-control-wrap recaptcha\" data-name=\"recaptcha\"><span data-sitekey=\"6LcUwTolAAAAACUtDZGAGxYZKaLefRytjPlBPrJL\" class=\"wpcf7-form-control wpcf7-recaptcha g-recaptcha d-block my-2\"><\/span>\r\n<noscript>\r\n\t<div class=\"grecaptcha-noscript\">\r\n\t\t<iframe src=\"https:\/\/www.google.com\/recaptcha\/api\/fallback?k=6LcUwTolAAAAACUtDZGAGxYZKaLefRytjPlBPrJL\" frameborder=\"0\" scrolling=\"no\" width=\"310\" height=\"430\">\r\n\t\t<\/iframe>\r\n\t\t<textarea name=\"g-recaptcha-response\" rows=\"3\" cols=\"40\" placeholder=\"reCaptcha Response Here\">\r\n\t\t<\/textarea>\r\n\t<\/div>\r\n<\/noscript>\r\n<\/span>\n<p><button type=\"submit\" class=\"btn btn-primary d-flex align-items-center rounded-0 fs-base wpcf7-form-control wpcf7-submit \n   border-white\">Submit<span class=\"wpcf7-spinner\"><\/span><img decoding=\"async\" class=\"ms-8px\" src=\"\/wp-content\/themes\/core5\/images\/link.png\" alt=\"\" \/> <\/button>\n<\/p><div class=\"wpcf7-response-output\" aria-hidden=\"true\"><\/div>\n<\/form>\n<\/div>\n\n                <\/div>\n            <\/div>\n        <\/div>\n    <\/div>\n<\/div>\n\n\n\n<div style=\"height:80px\" aria-hidden=\"true\" class=\"wp-block-spacer\"><\/div>\n\n\n\n<div class=\"wp-block-group section-2 has-background is-layout-flex wp-container-core-group-is-layout-bf32552a wp-block-group-is-layout-flex\" style=\"background-color:#0a3255\">\n<div class=\"wp-block-group\"><div class=\"wp-block-group__inner-container is-layout-flow wp-block-group-is-layout-flow\">\n<h2 class=\"has-white-color has-text-color wp-block-heading\" style=\"font-size:40px\">Nh\u00e0 x\u01b0\u1edfng x\u00e2y s\u1eb5n \u0111\u1ec3 <br>cho thu\u00ea<\/h2>\n\n\n\n<ul class=\"has-white-color has-text-color wp-block-list\" style=\"font-size:18px\"><li>Institutional Grade<\/li><li>Open grid 40 x 9 meter<\/li><li>Floor loading &gt; 2 tons\/m2<\/li><li>Clear height &gt; 8 meter<\/li><li>FF&amp;FP System: QCVN compliant with automatic sprinkler<\/li><li>Innovative Holistic and Functional design<\/li><\/ul>\n<\/div><\/div>\n\n\n\n<figure class=\"wp-block-image size-full\"><img decoding=\"async\" width=\"706\" height=\"700\" src=\"https:\/\/www.c5ip.vn\/wp-content\/uploads\/2022\/08\/Img-3.png\" alt=\"\" class=\"wp-image-426\" srcset=\"https:\/\/www.c5ip.vn\/wp-content\/uploads\/2022\/08\/Img-3.png 706w, https:\/\/www.c5ip.vn\/wp-content\/uploads\/2022\/08\/Img-3-300x297.png 300w, https:\/\/www.c5ip.vn\/wp-content\/uploads\/2022\/08\/Img-3-150x150.png 150w\" sizes=\"(max-width: 706px) 100vw, 706px\" \/><\/figure>\n\n\n\n<figure class=\"wp-block-image size-full frame\"><img decoding=\"async\" width=\"672\" height=\"355\" src=\"https:\/\/www.c5ip.vn\/wp-content\/uploads\/2022\/08\/Frame-1-1.png\" alt=\"\" class=\"wp-image-462\" srcset=\"https:\/\/www.c5ip.vn\/wp-content\/uploads\/2022\/08\/Frame-1-1.png 672w, https:\/\/www.c5ip.vn\/wp-content\/uploads\/2022\/08\/Frame-1-1-300x158.png 300w\" sizes=\"(max-width: 672px) 100vw, 672px\" \/><\/figure>\n<\/div>\n\n\n\n<div style=\"height:48px\" aria-hidden=\"true\" class=\"wp-block-spacer\"><\/div>\n\n\n\n<div class=\"wp-block-group section-2 right has-background is-layout-flex wp-container-core-group-is-layout-bf32552a wp-block-group-is-layout-flex\" style=\"background-color:#0a3255\">\n<figure class=\"wp-block-image size-full\"><img decoding=\"async\" width=\"699\" height=\"700\" src=\"https:\/\/www.c5ip.vn\/wp-content\/uploads\/2022\/08\/dee_211214_view01-3.png\" alt=\"\" class=\"wp-image-436\" srcset=\"https:\/\/www.c5ip.vn\/wp-content\/uploads\/2022\/08\/dee_211214_view01-3.png 699w, https:\/\/www.c5ip.vn\/wp-content\/uploads\/2022\/08\/dee_211214_view01-3-300x300.png 300w, https:\/\/www.c5ip.vn\/wp-content\/uploads\/2022\/08\/dee_211214_view01-3-150x150.png 150w\" sizes=\"(max-width: 699px) 100vw, 699px\" \/><\/figure>\n\n\n\n<div class=\"wp-block-group\"><div class=\"wp-block-group__inner-container is-layout-flow wp-block-group-is-layout-flow\">\n<h2 class=\"has-white-color has-text-color wp-block-heading\" style=\"font-size:40px\">Nh\u00e0 kho x\u00e2y s\u1eb5n \u0111\u1ec3<br>cho thu\u00ea<\/h2>\n\n\n\n<ul class=\"has-white-color has-text-color wp-block-list\" style=\"font-size:18px\"><li>Class A with LEED design<\/li><li>Open grid 24 x 11.4 meter<\/li><li>Floor loading &gt; 3 tons\/m2<\/li><li>Clear height &gt; 11 meter<\/li><li>FF&amp;FP System: QCVN compliant with automatic sprinkler<\/li><li>Platform height: 1.3m &#8211; 1 dock leveler per 1,000sqm<\/li><\/ul>\n<\/div><\/div>\n\n\n\n<figure class=\"wp-block-image size-full frame\"><img decoding=\"async\" width=\"723\" height=\"355\" src=\"https:\/\/www.c5ip.vn\/wp-content\/uploads\/2022\/08\/Frame-2.png\" alt=\"\" class=\"wp-image-475\" srcset=\"https:\/\/www.c5ip.vn\/wp-content\/uploads\/2022\/08\/Frame-2.png 723w, https:\/\/www.c5ip.vn\/wp-content\/uploads\/2022\/08\/Frame-2-300x147.png 300w\" sizes=\"(max-width: 723px) 100vw, 723px\" \/><\/figure>\n<\/div>\n\n\n\n<div style=\"height:48px\" aria-hidden=\"true\" class=\"wp-block-spacer\"><\/div>\n\n\n\n<div class=\"wp-block-group section-2 has-background is-layout-flex wp-container-core-group-is-layout-bf32552a wp-block-group-is-layout-flex\" style=\"background-color:#0a3255\">\n<div class=\"wp-block-group\"><div class=\"wp-block-group__inner-container is-layout-flow wp-block-group-is-layout-flow\">\n<h2 class=\"has-white-color has-text-color wp-block-heading\" style=\"font-size:40px\">X\u00e2y d\u1ef1ng ph\u00f9 h\u1ee3p<br>cho Khu C\u00f4ng nghi\u1ec7p<\/h2>\n\n\n\n<ul class=\"has-white-color has-text-color wp-block-list\" style=\"font-size:18px\"><li>Development and construction support from extensive team of PM, leasing and operation professionals<\/li><li>Consultation on site selection and supply chain<\/li><li>Consultation on built and build-to-suit properties<\/li><li>Sale and lease structuring <\/li><li>One-stop service in industrial property development throughout Vietnam<\/li><\/ul>\n<\/div><\/div>\n\n\n\n<figure class=\"wp-block-image size-full\"><img decoding=\"async\" width=\"706\" height=\"700\" src=\"https:\/\/www.c5ip.vn\/wp-content\/uploads\/2022\/08\/Img-3.png\" alt=\"\" class=\"wp-image-426\" srcset=\"https:\/\/www.c5ip.vn\/wp-content\/uploads\/2022\/08\/Img-3.png 706w, https:\/\/www.c5ip.vn\/wp-content\/uploads\/2022\/08\/Img-3-300x297.png 300w, https:\/\/www.c5ip.vn\/wp-content\/uploads\/2022\/08\/Img-3-150x150.png 150w\" sizes=\"(max-width: 706px) 100vw, 706px\" \/><\/figure>\n\n\n\n<figure class=\"wp-block-image size-full frame\"><img decoding=\"async\" width=\"672\" height=\"355\" src=\"https:\/\/www.c5ip.vn\/wp-content\/uploads\/2022\/08\/Frame-1-1.png\" alt=\"\" class=\"wp-image-462\" srcset=\"https:\/\/www.c5ip.vn\/wp-content\/uploads\/2022\/08\/Frame-1-1.png 672w, https:\/\/www.c5ip.vn\/wp-content\/uploads\/2022\/08\/Frame-1-1-300x158.png 300w\" sizes=\"(max-width: 672px) 100vw, 672px\" \/><\/figure>\n<\/div>\n\n\n\n<div style=\"height:100px\" aria-hidden=\"true\" class=\"wp-block-spacer\"><\/div>\n\n\n\n<div class=\"wp-block-group section-3 is-layout-flex wp-block-group-is-layout-flex\">\n<div class=\"wp-block-group\"><div class=\"wp-block-group__inner-container is-layout-flow wp-block-group-is-layout-flow\">\n<h2 class=\"wp-block-heading\" style=\"font-size:40px\">S\u1ea3n ph\u1ea9m gi\u00e1 tr\u1ecb gia t\u0103ng<br>v\u00e0 d\u1ecbch v\u1ee5<\/h2>\n\n\n\n<p style=\"font-size:18px\">Thu\u1ed9c s\u1edf h\u1eefu c\u1ee7a T\u1eadp \u0111o\u00e0n Kajima, Core5 Industrial Partners l\u00e0 m\u1ed9t c\u00f4ng ty b\u1ea5t \u0111\u1ed9ng s\u1ea3n c\u00f4ng nghi\u1ec7p c\u00f3 tr\u1ee5 s\u1edf t\u1ea1i Hoa K\u1ef3 v\u1edbi chuy\u00ean m\u00f4n trong vi\u1ec7c ph\u00e1t tri\u1ec3n c\u00e1c b\u1ea5t \u0111\u1ed9ng s\u1ea3n h\u1ea1ng A v\u1edbi nh\u1eefng c\u1ea3i ti\u1ebfn m\u1edbi nh\u1ea5t t\u1eeb \u200b\u200bHoa K\u1ef3.<\/p>\n\n\n\n<p style=\"font-size:18px\">C\u00f3 tr\u1ee5 s\u1edf ch\u00ednh t\u1ea1i Atlanta, Georgia, Core5 c\u00f3 c\u00e1c ho\u1ea1t \u0111\u1ed9ng ph\u00e1t tri\u1ec3n t\u1ea1i c\u00e1c th\u1ecb tr\u01b0\u1eddng c\u1ed1t l\u00f5i v\u00e0 c\u00f3 k\u1ebf ho\u1ea1ch m\u1edf r\u1ed9ng th\u00eam c\u00e1c trung t\u00e2m h\u1eadu c\u1ea7n quan tr\u1ecdng tr\u00ean kh\u1eafp \u0111\u1ea5t n\u01b0\u1edbc. M\u1ed9t s\u1ed1 kh\u00e1ch thu\u00ea c\u1ee7a Core5 Industrial Partners bao g\u1ed3m Amazon, Walmart, Home Depot, Duracell, UPS, DSV, American Standard v\u00e0 Toshiba.<\/p>\n\n\n\n<p style=\"font-size:18px\">Sau th\u00e0nh c\u00f4ng c\u1ee7a Core5 Industrial Partners t\u1ea1i Hoa K\u1ef3, th\u01b0\u01a1ng hi\u1ec7u Core5 \u0111ang m\u1edf r\u1ed9ng sang Vi\u1ec7t Nam, m\u1ed9t trong nh\u1eefng trung t\u00e2m s\u1ea3n xu\u1ea5t v\u00e0 h\u1eadu c\u1ea7n ph\u00e1t tri\u1ec3n nhanh nh\u1ea5t Ch\u00e2u \u00c1.<\/p>\n\n\n\n<p style=\"font-size:18px\">Nh\u1eadn x\u00e9t v\u1ec1 c\u01a1 h\u1ed9i th\u1ecb tr\u01b0\u1eddng c\u1ee7a ng\u00e0nh s\u1ea3n xu\u1ea5t v\u00e0 h\u1eadu c\u1ea7n \u0111ang ph\u00e1t tri\u1ec3n c\u1ee7a Vi\u1ec7t Nam, Keisuke Koshijima, Gi\u00e1m \u0111\u1ed1c \u0111\u1ea1i di\u1ec7n ki\u00eam Ph\u00f3 ch\u1ee7 t\u1ecbch \u0111i\u1ec1u h\u00e0nh c\u1ee7a Kajima Corporation cho bi\u1ebft, \u201cNg\u01b0\u1eddi s\u00e1ng l\u1eadp Core5 Vi\u1ec7t Nam, Indochina Kajima Development Company, c\u00f3 hi\u1ec3u bi\u1ebft s\u00e2u s\u1eafc v\u1ec1 nh\u1eefng th\u00e1ch th\u1ee9c m\u00e0 \u0111\u1ecba ph\u01b0\u01a1ng c\u1ea5p ph\u00e9p. khu\u00f4n kh\u1ed5. Do \u0111\u00f3, ch\u00fang t\u00f4i cung c\u1ea5p cho c\u00e1c \u0111\u1ed1i t\u00e1c c\u1ee7a m\u00ecnh m\u1ed9t lo\u1ea1t c\u00e1c gi\u1ea3i ph\u00e1p bao g\u1ed3m c\u00e1c d\u1ecbch v\u1ee5 ki\u1ec3m duy\u1ec7t, c\u1ea5p ph\u00e9p tr\u01b0\u1edbc v\u00e0 sau khi c\u1ea5p ph\u00e9p [1] \u0111\u1ec3 \u0111\u1ea3m b\u1ea3o c\u00e1c ho\u1ea1t \u0111\u1ed9ng kinh doanh c\u1ee7a \u0111\u1ed1i t\u00e1c \u0111\u01b0\u1ee3c thi\u1ebft l\u1eadp m\u1ed9t c\u00e1ch hi\u1ec7u qu\u1ea3 v\u00e0 su\u00f4n s\u1ebb. T\u1ea5t c\u1ea3 \u0111i\u1ec1u n\u00e0y \u0111\u01b0\u1ee3c th\u1ef1c hi\u1ec7n v\u1edbi m\u1ee5c ti\u00eau thi\u1ebft l\u1eadp m\u1ed1i quan h\u1ec7 l\u00e2u d\u00e0i v\u00e0 c\u00f3 \u00fd ngh\u0129a v\u1edbi kh\u00e1ch h\u00e0ng c\u1ee7a ch\u00fang t\u00f4i. C\u00e1c d\u1ecbch v\u1ee5 gia t\u0103ng gi\u00e1 tr\u1ecb quan tr\u1ecdng c\u1ee7a ch\u00fang t\u00f4i \u0111\u01b0\u1ee3c n\u00eau \u1edf b\u00ean ph\u1ea3i:<\/p>\n\n\n\n<p style=\"font-size:24px\">&#8220;<strong>\u0110\u1ea9y nhanh t\u1ed1c \u0111\u1ed9 kinh doanh c\u1ee7a b\u1ea1n v\u1edbi Core5 Vi\u1ec7t Nam<\/strong>&#8220;<\/p>\n<\/div><\/div>\n\n\n\n<figure class=\"wp-block-image size-full\"><img decoding=\"async\" width=\"768\" height=\"725\" src=\"https:\/\/www.c5ip.vn\/wp-content\/uploads\/2022\/08\/Chart.png\" alt=\"\" class=\"wp-image-440\" srcset=\"https:\/\/www.c5ip.vn\/wp-content\/uploads\/2022\/08\/Chart.png 768w, https:\/\/www.c5ip.vn\/wp-content\/uploads\/2022\/08\/Chart-300x283.png 300w\" sizes=\"(max-width: 768px) 100vw, 768px\" \/><\/figure>\n<\/div>\n\n\n\n<div style=\"height:100px\" aria-hidden=\"true\" class=\"wp-block-spacer\"><\/div>\n","protected":false},"excerpt":{"rendered":"<p>VN We Are Industrial Specialists VN Core5 Industrial Partners is an industrial real estate property company specializing in development and acquisition of Class A inventory and build-to-suit facilities. We are committed to the highest quality in everything we do, from developing best-in-class buildings to providing unparalleled services to our brokers, investors, lenders and tenants. Nh\u00e0 [&hellip;]<\/p>\n","protected":false},"author":1,"featured_media":0,"parent":0,"menu_order":0,"comment_status":"closed","ping_status":"closed","template":"templates\/template-whatwedo.php","meta":{"inline_featured_image":false,"footnotes":""},"class_list":["post-753","page","type-page","status-publish","hentry"],"acf":[],"_links":{"self":[{"href":"https:\/\/www.c5ip.vn\/vi\/wp-json\/wp\/v2\/pages\/753","targetHints":{"allow":["GET"]}}],"collection":[{"href":"https:\/\/www.c5ip.vn\/vi\/wp-json\/wp\/v2\/pages"}],"about":[{"href":"https:\/\/www.c5ip.vn\/vi\/wp-json\/wp\/v2\/types\/page"}],"author":[{"embeddable":true,"href":"https:\/\/www.c5ip.vn\/vi\/wp-json\/wp\/v2\/users\/1"}],"replies":[{"embeddable":true,"href":"https:\/\/www.c5ip.vn\/vi\/wp-json\/wp\/v2\/comments?post=753"}],"version-history":[{"count":0,"href":"https:\/\/www.c5ip.vn\/vi\/wp-json\/wp\/v2\/pages\/753\/revisions"}],"wp:attachment":[{"href":"https:\/\/www.c5ip.vn\/vi\/wp-json\/wp\/v2\/media?parent=753"}],"curies":[{"name":"wp","href":"https:\/\/api.w.org\/{rel}","templated":true}]}}