{"id":764,"date":"2022-08-15T07:03:32","date_gmt":"2022-08-15T07:03:32","guid":{"rendered":"https:\/\/core5.com.web1.redhost.vn\/who-we-are\/careers\/"},"modified":"2022-10-26T09:25:18","modified_gmt":"2022-10-26T09:25:18","slug":"careers","status":"publish","type":"page","link":"https:\/\/www.c5ip.vn\/vi\/ve-chung-toi\/careers\/","title":{"rendered":"Ngh\u1ec1 Nghi\u1ec7p"},"content":{"rendered":"\n<div class=\"wp-block-group careers-banner\"><div class=\"wp-block-group__inner-container is-layout-flow wp-block-group-is-layout-flow\">\n<div class=\"wp-block-cover\"><span aria-hidden=\"true\" class=\"wp-block-cover__background has-background-dim-0 has-background-dim\"><\/span><img decoding=\"async\" width=\"1920\" height=\"500\" class=\"wp-block-cover__image-background wp-image-555\" alt=\"\" src=\"https:\/\/core5.com.web1.redhost.vn\/wp-content\/uploads\/2022\/08\/careers_banner.png\" data-object-fit=\"cover\" srcset=\"https:\/\/www.c5ip.vn\/wp-content\/uploads\/2022\/08\/careers_banner.png 1920w, https:\/\/www.c5ip.vn\/wp-content\/uploads\/2022\/08\/careers_banner-300x78.png 300w, https:\/\/www.c5ip.vn\/wp-content\/uploads\/2022\/08\/careers_banner-1024x267.png 1024w, https:\/\/www.c5ip.vn\/wp-content\/uploads\/2022\/08\/careers_banner-768x200.png 768w, https:\/\/www.c5ip.vn\/wp-content\/uploads\/2022\/08\/careers_banner-1536x400.png 1536w\" sizes=\"(max-width: 1920px) 100vw, 1920px\" \/><div class=\"wp-block-cover__inner-container is-layout-flow wp-block-cover-is-layout-flow\">\n<h1 class=\"has-white-color has-text-color wp-block-heading\">C\u00f4ng vi\u1ec7c t\u1ea1i Core5 Vi\u1ec7t Nam<\/h1>\n\n\n\n<p class=\"mb-gutter has-white-color has-text-color\" style=\"font-size:18px\">M\u1eddi b\u1ea1n t\u00ecm hi\u1ec3u th\u00eam v\u1ec1 Core5 Vi\u1ec7t Nam v\u00e0 c\u00e1c c\u00f4ng vi\u1ec7c hi\u1ec7n t\u1ea1i c\u1ee7a ch\u00fang t\u00f4i.<\/p>\n\n\n\n<div class=\"wp-block-buttons is-layout-flex wp-container-core-buttons-is-layout-c07eda73 wp-block-buttons-is-layout-flex\">\n<div class=\"wp-block-button has-custom-font-size\" style=\"font-size:16px\"><a class=\"wp-block-button__link has-background\" href=\"#careers-content\" style=\"border-radius:0px;background-color:#0a3255\"><strong>XEM C\u00d4NG VI\u1ec6C <img decoding=\"async\" width=\"18\" height=\"18\" class=\"wp-image-131\" style=\"width: 18px;\" src=\"https:\/\/www.c5ip.vn\/wp-content\/uploads\/2022\/08\/export.png\" alt=\"\"><\/strong><\/a><\/div>\n<\/div>\n<\/div><\/div>\n<\/div><\/div>\n\n\n<div class=\"wp-block-image mx-out-container\">\n<figure class=\"aligncenter size-large\" id=\"brochure\"><img decoding=\"async\" width=\"1024\" height=\"18\" src=\"https:\/\/www.c5ip.vn\/wp-content\/uploads\/2022\/07\/diviner-1024x18.png\" alt=\"\" class=\"wp-image-14\" srcset=\"https:\/\/www.c5ip.vn\/wp-content\/uploads\/2022\/07\/diviner-1024x18.png 1024w, https:\/\/www.c5ip.vn\/wp-content\/uploads\/2022\/07\/diviner-300x5.png 300w, https:\/\/www.c5ip.vn\/wp-content\/uploads\/2022\/07\/diviner-768x14.png 768w, https:\/\/www.c5ip.vn\/wp-content\/uploads\/2022\/07\/diviner-1536x27.png 1536w, https:\/\/www.c5ip.vn\/wp-content\/uploads\/2022\/07\/diviner.png 1916w\" sizes=\"(max-width: 1024px) 100vw, 1024px\" \/><\/figure>\n<\/div>\n\n\n<div style=\"height:80px\" aria-hidden=\"true\" class=\"wp-block-spacer\"><\/div>\n\n\n\n<div class=\"wp-block-columns me-lg-out-container is-layout-flex wp-container-core-columns-is-layout-9d6595d7 wp-block-columns-is-layout-flex\">\n<div class=\"wp-block-column is-layout-flow wp-block-column-is-layout-flow\">\n<p class=\"mb-16px has-text-color\" style=\"color:#da262e;font-size:16px\"><strong>V\u0102N H\u00d3A DOANH NGHI\u1ec6P<\/strong><\/p>\n\n\n\n<p class=\"has-medium-font-size\"><strong>T\u1ea1i Core5, ch\u00fang t\u00f4i tin r\u1eb1ng nh\u1eefng nh\u00e2n vi\u00ean c\u00f3 n\u0103ng l\u1ef1c v\u00e0 t\u1eadn t\u00e2m l\u00e0 ch\u00eca kh\u00f3a th\u00e0nh c\u00f4ng c\u1ee7a ch\u00fang t\u00f4i. Tr\u00ean th\u1ef1c t\u1ebf, nh\u00e2n vi\u00ean l\u00e0 trung t\u00e2m c\u1ee7a c\u00f4ng ty ch\u00fang t\u00f4i, nh\u1eefng t\u1eeb ch\u00ednh x\u00e1c \u0111\u00f3 l\u00e0 m\u1ed9t ph\u1ea7n c\u1ee7a gi\u00e1 tr\u1ecb c\u1ed1t l\u00f5i m\u00e0 Core5 \u0111\u00e3 \u0111\u01b0\u1ee3c \u0111\u1eb7t t\u00ean.<br><br>Ch\u00fang t\u00f4i c\u1ea7n nh\u1eefng ng\u01b0\u1eddi t\u00e0i n\u0103ng, \u0111\u1ea7y tham v\u1ecdng, nh\u1eefng ng\u01b0\u1eddi cam k\u1ebft ho\u00e0n th\u00e0nh xu\u1ea5t s\u1eafc v\u00e0 cho s\u1ef1 nghi\u1ec7p b\u1ea5t \u0111\u1ed9ng s\u1ea3n.<br><br>L\u00e0 th\u00e0nh vi\u00ean trong nh\u00f3m c\u1ee7a ch\u00fang t\u00f4i, b\u1ea1n s\u1ebd \u0111\u01b0\u1ee3c h\u01b0\u1edfng m\u1ee9c l\u01b0\u01a1ng v\u00e0 l\u1ee3i \u00edch c\u1ea1nh tranh, c\u01a1 h\u1ed9i l\u00e0m vi\u1ec7c cho m\u1ed9t c\u00f4ng ty n\u0103ng \u0111\u1ed9ng, ph\u00e1t tri\u1ec3n v\u00e0 c\u00e1c c\u01a1 h\u1ed9i ph\u00e1t tri\u1ec3n c\u00e1 nh\u00e2n v\u00e0 ngh\u1ec1 nghi\u1ec7p kh\u00f4ng gi\u1edbi h\u1ea1n.<\/strong><\/p>\n<\/div>\n\n\n\n<div class=\"wp-block-column d-none d-lg-block is-layout-flow wp-block-column-is-layout-flow\">\n<figure class=\"wp-block-image size-full\"><img decoding=\"async\" width=\"723\" height=\"355\" src=\"https:\/\/www.c5ip.vn\/wp-content\/uploads\/2022\/08\/Frame-2.png\" alt=\"\" class=\"wp-image-475\" srcset=\"https:\/\/www.c5ip.vn\/wp-content\/uploads\/2022\/08\/Frame-2.png 723w, https:\/\/www.c5ip.vn\/wp-content\/uploads\/2022\/08\/Frame-2-300x147.png 300w\" sizes=\"(max-width: 723px) 100vw, 723px\" \/><\/figure>\n<\/div>\n<\/div>\n\n\n\n<div style=\"height:80px\" aria-hidden=\"true\" class=\"wp-block-spacer\"><\/div>\n\n\n\n<div class=\"wp-block-group careers-bg\"><div class=\"wp-block-group__inner-container is-layout-flow wp-block-group-is-layout-flow\">\n<div class=\"wp-block-cover\"><span aria-hidden=\"true\" class=\"wp-block-cover__background has-background-dim-0 has-background-dim\"><\/span><img decoding=\"async\" width=\"1920\" height=\"704\" class=\"wp-block-cover__image-background wp-image-558\" alt=\"\" src=\"https:\/\/core5.com.web1.redhost.vn\/wp-content\/uploads\/2022\/08\/careers_bg.png\" data-object-fit=\"cover\" srcset=\"https:\/\/www.c5ip.vn\/wp-content\/uploads\/2022\/08\/careers_bg.png 1920w, https:\/\/www.c5ip.vn\/wp-content\/uploads\/2022\/08\/careers_bg-300x110.png 300w, https:\/\/www.c5ip.vn\/wp-content\/uploads\/2022\/08\/careers_bg-1024x375.png 1024w, https:\/\/www.c5ip.vn\/wp-content\/uploads\/2022\/08\/careers_bg-768x282.png 768w, https:\/\/www.c5ip.vn\/wp-content\/uploads\/2022\/08\/careers_bg-1536x563.png 1536w\" sizes=\"(max-width: 1920px) 100vw, 1920px\" \/><div class=\"wp-block-cover__inner-container is-layout-flow wp-block-cover-is-layout-flow\">\n<div style=\"height:92px\" aria-hidden=\"true\" class=\"wp-block-spacer\"><\/div>\n\n\n\n<div class=\"wp-block-columns is-layout-flex wp-container-core-columns-is-layout-9d6595d7 wp-block-columns-is-layout-flex\">\n<div class=\"wp-block-column is-layout-flow wp-block-column-is-layout-flow\">\n<p class=\"has-white-color has-text-color\" style=\"font-size:40px\"><strong>T\u1ea1i sao l\u00e0 Core5 Vi\u1ec7t Nam?<br>\u0110\u01a1n gi\u1ea3n! B\u1ea1n s\u1ebd:<\/strong><\/p>\n<\/div>\n\n\n\n<div class=\"wp-block-column is-layout-flow wp-block-column-is-layout-flow\">\n    <div class=\"accordion accordion-flush careers-accordion\" id=\"accordionFlushExample\">\n    <div class=\"accordion-item border-0\">\n        <h2 class=\"accordion-header\" id=\"flush-first\">\n            <button class=\"accordion-button shadow-none fs-3 pb-0 border-0 ps-0 collapsed text-white\" type=\"button\" data-bs-toggle=\"collapse\" data-bs-target=\"#flush-collapseFirst\" aria-expanded=\"true\" aria-controls=\"flush-collapseFirst\">\n            <strong>L\u00e0m vi\u1ec7c t\u1ea1i Core5<\/strong>\n            <\/button>\n        <\/h2>\n        <div id=\"flush-collapseFirst\" class=\"accordion-collapse collapse show\" aria-labelledby=\"flush-headingOne\" data-bs-parent=\"#accordionFlushExample\">\n            <div class=\"accordion-body p-0\"><p>Ch\u00fang t\u00f4i t\u00ecm ki\u1ebfm nh\u1eefng ng\u01b0\u1eddi mu\u1ed1n t\u1ea1o ra s\u1ef1 kh\u00e1c bi\u1ec7t, c\u00f3 \u0111am m\u00ea bi\u1ebfn \u0111i\u1ec1u \u0111\u00f3 th\u00e0nh hi\u1ec7n th\u1ef1c v\u00e0 c\u00f3 \u0111\u1ed9ng l\u1ef1c \u0111\u1ed5i m\u1edbi trong khi v\u1eabn gi\u1eef v\u1eefng c\u00e1c gi\u00e1 tr\u1ecb c\u1ed1t l\u00f5i c\u1ee7a ch\u00fang t\u00f4i. T\u1ea1i \u0111\u00e2y, b\u1ea1n \u0111\u01b0\u1ee3c th\u1eed th\u00e1ch \u0111\u1ec3 ph\u00e1t tri\u1ec3n v\u00e0 \u0111\u01b0\u1ee3c t\u1ef1 do l\u1eadp bi\u1ec3u \u0111\u1ed3 cho kh\u00f3a h\u1ecdc c\u1ee7a ri\u00eang m\u00ecnh.<\/p>\n<p>B\u1ea1n s\u1ebd t\u1eadn h\u01b0\u1edfng s\u1ef1 linh ho\u1ea1t t\u1ea1i n\u01a1i l\u00e0m vi\u1ec7c trong m\u1ed9t m\u00f4i tr\u01b0\u1eddng h\u1ee3p t\u00e1c, h\u00f2a nh\u1eadp v\u1edbi s\u1ef1 l\u00e3nh \u0111\u1ea1o h\u1ed7 tr\u1ee3.<\/p>\n<\/div>\n        <\/div>\n        <\/div>\n        <div class=\"accordion-item border-0\">\n            <h2 class=\"accordion-header\" id=\"flush-headingOne\">\n                <button class=\"accordion-button shadow-none fs-3 pt-3 mt-3 pb-0 border-0 border-top border-info-100 ps-0 collapsed text-white\" type=\"button\" data-bs-toggle=\"collapse\" data-bs-target=\"#flush-collapseOne\" aria-expanded=\"false\" aria-controls=\"flush-collapseOne\">\n                <strong>Ch\u00ednh s\u00e1ch b\u1ea3o m\u1eadt<\/strong>\n                <\/button>\n            <\/h2>\n            <div id=\"flush-collapseOne\" class=\"accordion-collapse collapse\" aria-labelledby=\"flush-headingOne\" data-bs-parent=\"#accordionFlushExample\">\n                <div class=\"accordion-body p-0\"><p>Ch\u00fang t\u00f4i t\u00ecm ki\u1ebfm nh\u1eefng ng\u01b0\u1eddi mu\u1ed1n t\u1ea1o ra s\u1ef1 kh\u00e1c bi\u1ec7t, c\u00f3 \u0111am m\u00ea bi\u1ebfn \u0111i\u1ec1u \u0111\u00f3 th\u00e0nh hi\u1ec7n th\u1ef1c v\u00e0 c\u00f3 \u0111\u1ed9ng l\u1ef1c \u0111\u1ed5i m\u1edbi trong khi v\u1eabn gi\u1eef v\u1eefng c\u00e1c gi\u00e1 tr\u1ecb c\u1ed1t l\u00f5i c\u1ee7a ch\u00fang t\u00f4i. T\u1ea1i \u0111\u00e2y, b\u1ea1n \u0111\u01b0\u1ee3c th\u1eed th\u00e1ch \u0111\u1ec3 ph\u00e1t tri\u1ec3n v\u00e0 \u0111\u01b0\u1ee3c t\u1ef1 do l\u1eadp bi\u1ec3u \u0111\u1ed3 cho kh\u00f3a h\u1ecdc c\u1ee7a ri\u00eang m\u00ecnh.<\/p>\n<p>B\u1ea1n s\u1ebd t\u1eadn h\u01b0\u1edfng s\u1ef1 linh ho\u1ea1t t\u1ea1i n\u01a1i l\u00e0m vi\u1ec7c trong m\u1ed9t m\u00f4i tr\u01b0\u1eddng h\u1ee3p t\u00e1c, h\u00f2a nh\u1eadp v\u1edbi s\u1ef1 l\u00e3nh \u0111\u1ea1o h\u1ed7 tr\u1ee3.<\/p>\n<\/div>\n            <\/div>\n            <\/div>\n            <div class=\"accordion-item border-0\">\n            <h2 class=\"accordion-header\" id=\"flush-headingTwo\">\n                <button class=\"accordion-button shadow-none fs-3 pt-3 mt-3 pb-0 border-0 border-top border-info-100 ps-0 collapsed text-white\" type=\"button\" data-bs-toggle=\"collapse\" data-bs-target=\"#flush-collapseTwo\" aria-expanded=\"false\" aria-controls=\"flush-collapseTwo\">\n                <strong>C\u01a1 h\u1ed9i vi\u1ec7c l\u00e0m c\u00f3 s\u1eb5n<\/strong>\n                <\/button>\n            <\/h2>\n            <div id=\"flush-collapseTwo\" class=\"accordion-collapse collapse\" aria-labelledby=\"flush-headingTwo\" data-bs-parent=\"#accordionFlushExample\">\n                <div class=\"accordion-body p-0\"><p>Ch\u00fang t\u00f4i t\u00ecm ki\u1ebfm nh\u1eefng ng\u01b0\u1eddi mu\u1ed1n t\u1ea1o ra s\u1ef1 kh\u00e1c bi\u1ec7t, c\u00f3 \u0111am m\u00ea bi\u1ebfn \u0111i\u1ec1u \u0111\u00f3 th\u00e0nh hi\u1ec7n th\u1ef1c v\u00e0 c\u00f3 \u0111\u1ed9ng l\u1ef1c \u0111\u1ed5i m\u1edbi trong khi v\u1eabn gi\u1eef v\u1eefng c\u00e1c gi\u00e1 tr\u1ecb c\u1ed1t l\u00f5i c\u1ee7a ch\u00fang t\u00f4i. T\u1ea1i \u0111\u00e2y, b\u1ea1n \u0111\u01b0\u1ee3c th\u1eed th\u00e1ch \u0111\u1ec3 ph\u00e1t tri\u1ec3n v\u00e0 \u0111\u01b0\u1ee3c t\u1ef1 do l\u1eadp bi\u1ec3u \u0111\u1ed3 cho kh\u00f3a h\u1ecdc c\u1ee7a ri\u00eang m\u00ecnh.<\/p>\n<p>B\u1ea1n s\u1ebd t\u1eadn h\u01b0\u1edfng s\u1ef1 linh ho\u1ea1t t\u1ea1i n\u01a1i l\u00e0m vi\u1ec7c trong m\u1ed9t m\u00f4i tr\u01b0\u1eddng h\u1ee3p t\u00e1c, h\u00f2a nh\u1eadp v\u1edbi s\u1ef1 l\u00e3nh \u0111\u1ea1o h\u1ed7 tr\u1ee3.<\/p>\n<\/div>\n            <\/div>\n            <\/div>\n            <div class=\"accordion-item border-0\">\n            <h2 class=\"accordion-header\" id=\"flush-headingThree\">\n                <button class=\"accordion-button shadow-none fs-3 pt-3 mt-3 pb-0 border-0 border-top border-info-100 ps-0 collapsed text-white\" type=\"button\" data-bs-toggle=\"collapse\" data-bs-target=\"#flush-collapseThree\" aria-expanded=\"false\" aria-controls=\"flush-collapseThree\">\n                <strong>T\u00ednh minh b\u1ea1ch trong ph\u1ea1m vi b\u1ea3o hi\u1ec3m\n<\/strong>\n                <\/button>\n            <\/h2>\n            <div id=\"flush-collapseThree\" class=\"accordion-collapse collapse\" aria-labelledby=\"flush-headingThree\" data-bs-parent=\"#accordionFlushExample\">\n                <div class=\"accordion-body p-0\"><p>Ch\u00fang t\u00f4i t\u00ecm ki\u1ebfm nh\u1eefng ng\u01b0\u1eddi mu\u1ed1n t\u1ea1o ra s\u1ef1 kh\u00e1c bi\u1ec7t, c\u00f3 \u0111am m\u00ea bi\u1ebfn \u0111i\u1ec1u \u0111\u00f3 th\u00e0nh hi\u1ec7n th\u1ef1c v\u00e0 c\u00f3 \u0111\u1ed9ng l\u1ef1c \u0111\u1ed5i m\u1edbi trong khi v\u1eabn gi\u1eef v\u1eefng c\u00e1c gi\u00e1 tr\u1ecb c\u1ed1t l\u00f5i c\u1ee7a ch\u00fang t\u00f4i. T\u1ea1i \u0111\u00e2y, b\u1ea1n \u0111\u01b0\u1ee3c th\u1eed th\u00e1ch \u0111\u1ec3 ph\u00e1t tri\u1ec3n v\u00e0 \u0111\u01b0\u1ee3c t\u1ef1 do l\u1eadp bi\u1ec3u \u0111\u1ed3 cho kh\u00f3a h\u1ecdc c\u1ee7a ri\u00eang m\u00ecnh.<\/p>\n<p>B\u1ea1n s\u1ebd t\u1eadn h\u01b0\u1edfng s\u1ef1 linh ho\u1ea1t t\u1ea1i n\u01a1i l\u00e0m vi\u1ec7c trong m\u1ed9t m\u00f4i tr\u01b0\u1eddng h\u1ee3p t\u00e1c, h\u00f2a nh\u1eadp v\u1edbi s\u1ef1 l\u00e3nh \u0111\u1ea1o h\u1ed7 tr\u1ee3.<\/p>\n<\/div>\n            <\/div>\n        <\/div>\n    <\/div> \n<\/div>\n<\/div>\n\n\n\n<div style=\"height:92px\" aria-hidden=\"true\" class=\"wp-block-spacer\"><\/div>\n<\/div><\/div>\n<\/div><\/div>\n","protected":false},"excerpt":{"rendered":"<p>V\u0102N H\u00d3A DOANH NGHI\u1ec6P T\u1ea1i Core5, ch\u00fang t\u00f4i tin r\u1eb1ng nh\u1eefng nh\u00e2n vi\u00ean c\u00f3 n\u0103ng l\u1ef1c v\u00e0 t\u1eadn t\u00e2m l\u00e0 ch\u00eca kh\u00f3a th\u00e0nh c\u00f4ng c\u1ee7a ch\u00fang t\u00f4i. Tr\u00ean th\u1ef1c t\u1ebf, nh\u00e2n vi\u00ean l\u00e0 trung t\u00e2m c\u1ee7a c\u00f4ng ty ch\u00fang t\u00f4i, nh\u1eefng t\u1eeb ch\u00ednh x\u00e1c \u0111\u00f3 l\u00e0 m\u1ed9t ph\u1ea7n c\u1ee7a gi\u00e1 tr\u1ecb c\u1ed1t l\u00f5i m\u00e0 Core5 [&hellip;]<\/p>\n","protected":false},"author":1,"featured_media":0,"parent":758,"menu_order":0,"comment_status":"closed","ping_status":"closed","template":"templates\/template-careers.php","meta":{"inline_featured_image":false,"footnotes":""},"class_list":["post-764","page","type-page","status-publish","hentry"],"acf":[],"_links":{"self":[{"href":"https:\/\/www.c5ip.vn\/vi\/wp-json\/wp\/v2\/pages\/764","targetHints":{"allow":["GET"]}}],"collection":[{"href":"https:\/\/www.c5ip.vn\/vi\/wp-json\/wp\/v2\/pages"}],"about":[{"href":"https:\/\/www.c5ip.vn\/vi\/wp-json\/wp\/v2\/types\/page"}],"author":[{"embeddable":true,"href":"https:\/\/www.c5ip.vn\/vi\/wp-json\/wp\/v2\/users\/1"}],"replies":[{"embeddable":true,"href":"https:\/\/www.c5ip.vn\/vi\/wp-json\/wp\/v2\/comments?post=764"}],"version-history":[{"count":0,"href":"https:\/\/www.c5ip.vn\/vi\/wp-json\/wp\/v2\/pages\/764\/revisions"}],"up":[{"embeddable":true,"href":"https:\/\/www.c5ip.vn\/vi\/wp-json\/wp\/v2\/pages\/758"}],"wp:attachment":[{"href":"https:\/\/www.c5ip.vn\/vi\/wp-json\/wp\/v2\/media?parent=764"}],"curies":[{"name":"wp","href":"https:\/\/api.w.org\/{rel}","templated":true}]}}